{"id":88,"date":"2023-02-07T14:54:06","date_gmt":"2023-02-07T13:54:06","guid":{"rendered":"https:\/\/heilpraktiker-zimmermann.de\/web\/?page_id=88"},"modified":"2025-12-06T10:58:08","modified_gmt":"2025-12-06T09:58:08","slug":"heilpraktiker-zimmermann","status":"publish","type":"page","link":"https:\/\/heilpraktiker-zimmermann.de\/web\/heilpraktiker-zimmermann\/","title":{"rendered":"\u00dcber mich"},"content":{"rendered":"\n<div class=\"wp-block-cover aligncenter is-light has-custom-content-position is-position-bottom-right has-small-font-size\"><img loading=\"lazy\" decoding=\"async\" width=\"911\" height=\"1024\" class=\"wp-block-cover__image-background wp-image-1789 size-large\" alt=\"\" src=\"https:\/\/heilpraktiker-zimmermann.de\/web\/wp-content\/uploads\/2025\/12\/Timo-Schreibtisch-scaled-1-911x1024.jpg\" style=\"object-position:48% 46%\" data-object-fit=\"cover\" data-object-position=\"48% 46%\" srcset=\"https:\/\/heilpraktiker-zimmermann.de\/web\/wp-content\/uploads\/2025\/12\/Timo-Schreibtisch-scaled-1-911x1024.jpg 911w, https:\/\/heilpraktiker-zimmermann.de\/web\/wp-content\/uploads\/2025\/12\/Timo-Schreibtisch-scaled-1-267x300.jpg 267w, https:\/\/heilpraktiker-zimmermann.de\/web\/wp-content\/uploads\/2025\/12\/Timo-Schreibtisch-scaled-1-768x863.jpg 768w, https:\/\/heilpraktiker-zimmermann.de\/web\/wp-content\/uploads\/2025\/12\/Timo-Schreibtisch-scaled-1-1366x1536.jpg 1366w, https:\/\/heilpraktiker-zimmermann.de\/web\/wp-content\/uploads\/2025\/12\/Timo-Schreibtisch-scaled-1-1822x2048.jpg 1822w\" sizes=\"auto, (max-width: 911px) 100vw, 911px\" \/><span aria-hidden=\"true\" class=\"wp-block-cover__background has-background-dim-20 has-background-dim\" style=\"background-color:#a8ac91\"><\/span><div class=\"wp-block-cover__inner-container is-layout-flow wp-block-cover-is-layout-flow\">\n<figure class=\"wp-block-pullquote alignleft has-text-align-center is-style-default has-border-color has-nv-text-dark-bg-color has-text-color has-background has-small-font-size\" style=\"border-color:#ffffff;border-style:solid;border-width:2px;border-radius:15px;background-color:#7ab51d\"><blockquote><p><strong>\u201e<\/strong>Gesundheit ist nicht alles, <br>aber ohne Gesundheit ist <br>alles nichts.&#8220;<\/p><cite>Arthur Schopenhauer<\/cite><\/blockquote><\/figure>\n<\/div><\/div>\n\n\n\n<div style=\"height:100px\" aria-hidden=\"true\" class=\"wp-block-spacer\"><\/div>\n\n\n\n<div class=\"wp-block-media-text alignwide is-stacked-on-mobile is-vertically-aligned-center\" style=\"grid-template-columns:20% auto\"><figure class=\"wp-block-media-text__media\"><img loading=\"lazy\" decoding=\"async\" width=\"280\" height=\"55\" src=\"https:\/\/heilpraktiker-zimmermann.de\/web\/wp-content\/uploads\/2023\/03\/header_logo.png\" alt=\"\" class=\"wp-image-516 size-full\"\/><\/figure><div class=\"wp-block-media-text__content\">\n<h2 class=\"wp-block-heading\">Timo Zimmermann<\/h2>\n\n\n\n<p>Mein Name ist Timo Zimmermann ich bin seit dem Jahr 2010 staatlich gepr\u00fcfter Heilpraktiker und arbeite nun seit \u00fcber 10 Jahren in meiner Praxis hier in Stuttgart. <\/p>\n\n\n\n<p>Ich bin Ihr zuverl\u00e4ssiger und kompetenter Begleiter auf Ihrem Weg zur Gesundheit. <br>Geboren 1976 in G\u00f6ppingen machte ich schon von klein auf pr\u00e4gende und vor allem positive Erfahrungen mit der Hom\u00f6opathie.<br>So wurde bei mir in jungen Jahren erfolgreich eine Allergie gegen Gr\u00e4serpollen mittels Hom\u00f6opathie behandelt. Und auch sonst die ein oder andere &#8222;Kinderkrankheit&#8220; wurde mit Hilfe diverser Globuli auskuriert. <\/p>\n\n\n\n<p>Dies bildete das Fundament f\u00fcr die Begeisterung und die Leidenschaft, die ich heute in meinem Beruf als Heilpraktiker habe.<\/p>\n\n\n\n<p>Ich bin verheiratet und habe 2 Kinder, welche nat\u00fcrlich ebenfalls hom\u00f6opathisch behandelt werden. Deshalb arbeite ich auch sehr gerne bei mir in der Praxis mit Kindern.<\/p>\n<\/div><\/div>\n\n\n\n<div style=\"height:40px\" aria-hidden=\"true\" class=\"wp-block-spacer\"><\/div>\n\n\n\n<hr class=\"wp-block-separator has-text-color has-neve-link-hover-color-color has-alpha-channel-opacity has-neve-link-hover-color-background-color has-background is-style-wide\"\/>\n\n\n\n<div style=\"height:40px\" aria-hidden=\"true\" class=\"wp-block-spacer\"><\/div>\n\n\n\n<div class=\"wp-block-columns alignwide is-layout-flex wp-container-core-columns-is-layout-9d6595d7 wp-block-columns-is-layout-flex\">\n<div class=\"wp-block-column eqheight_own border_own is-layout-flow wp-block-column-is-layout-flow\" style=\"flex-basis:50%\">\n<h2 class=\"wp-block-heading\">Ausbildung<\/h2>\n\n\n\n<ul class=\"wp-block-list\">\n<li>3-J\u00e4hrige Ausbildung bei &#8222;KreaWi&#8220; in Karlsruhe<\/li>\n\n\n\n<li>Bestandene Pr\u00fcfung am Gesundheitsamt Heilbronn<\/li>\n\n\n\n<li>Seit Juni 2010 staatlich gepr\u00fcfter Heilpraktiker<\/li>\n\n\n\n<li>Mitglied im Verband &#8222;Union Deutscher Heilpraktiker&#8220; (UDH)<\/li>\n<\/ul>\n<\/div>\n\n\n\n<div class=\"wp-block-column is-vertically-aligned-top eqheight_own border_own is-layout-flow wp-block-column-is-layout-flow\" style=\"flex-basis:50%\">\n<h2 class=\"wp-block-heading\">Fort- &amp; Weiterbildung<\/h2>\n\n\n\n<p>Durch st\u00e4ndige Aus- &amp; Weiterbildung m\u00f6chte ich ein zukunftssicherer Begleiter auf dem Weg zur Gesundheit sein.<\/p>\n\n\n\n<ul class=\"wp-block-list\">\n<li>Dorn-Therapie mit Breuss-Massage bei Sven Koch (Katharinenhospital Stuttgart)<\/li>\n\n\n\n<li>EssSense Fortbildung in Stuttgart<\/li>\n\n\n\n<li>Regelm\u00e4\u00dfige Fortbildung im Bereich Labordiagnostik bei Biovis<\/li>\n\n\n\n<li>zahlreiche Webinare der unterschiedlichsten Therapierichtungen<\/li>\n\n\n\n<li>Besuch zahlreicher Vortr\u00e4ge im Verein f\u00fcr Hom\u00f6opathie Albershausen<\/li>\n<\/ul>\n<\/div>\n<\/div>\n","protected":false},"excerpt":{"rendered":"<p>Timo Zimmermann Mein Name ist Timo Zimmermann ich bin seit dem Jahr 2010 staatlich gepr\u00fcfter Heilpraktiker und arbeite nun seit \u00fcber 10 Jahren in meiner Praxis hier in Stuttgart. Ich bin Ihr zuverl\u00e4ssiger und kompetenter Begleiter auf Ihrem Weg zur Gesundheit. Geboren 1976 in G\u00f6ppingen machte ich schon von klein auf pr\u00e4gende und vor allem&hellip;&nbsp;<a href=\"https:\/\/heilpraktiker-zimmermann.de\/web\/heilpraktiker-zimmermann\/\" rel=\"bookmark\">Weiterlesen &raquo;<span class=\"screen-reader-text\">\u00dcber mich<\/span><\/a><\/p>\n","protected":false},"author":1,"featured_media":1789,"parent":0,"menu_order":2,"comment_status":"closed","ping_status":"closed","template":"page-templates\/template-pagebuilder-full-width.php","meta":{"neve_meta_sidebar":"","neve_meta_container":"","neve_meta_enable_content_width":"","neve_meta_content_width":0,"neve_meta_title_alignment":"","neve_meta_author_avatar":"","neve_post_elements_order":"","neve_meta_disable_header":"","neve_meta_disable_footer":"","neve_meta_disable_title":"","footnotes":""},"class_list":["post-88","page","type-page","status-publish","has-post-thumbnail","hentry"],"yoast_head":"<!-- This site is optimized with the Yoast SEO plugin v27.3 - https:\/\/yoast.com\/product\/yoast-seo-wordpress\/ -->\n<title>\u00dcber mich - Heilpraktiker Zimmermann<\/title>\n<meta name=\"description\" content=\"Mein Name ist Timo Zimmermann ich bin seit dem Jahr 2010 staatlich gepr\u00fcfter Heilpraktiker und arbeite nun seit \u00fcber 10 Jahren in meiner Praxis hier in Stuttgart.\" \/>\n<meta name=\"robots\" content=\"index, follow, max-snippet:-1, max-image-preview:large, max-video-preview:-1\" \/>\n<link rel=\"canonical\" href=\"https:\/\/heilpraktiker-zimmermann.de\/web\/heilpraktiker-zimmermann\/\" \/>\n<meta property=\"og:locale\" content=\"de_DE\" \/>\n<meta property=\"og:type\" content=\"article\" \/>\n<meta property=\"og:title\" content=\"\u00dcber mich - Heilpraktiker Zimmermann\" \/>\n<meta property=\"og:description\" content=\"Mein Name ist Timo Zimmermann ich bin seit dem Jahr 2010 staatlich gepr\u00fcfter Heilpraktiker und arbeite nun seit \u00fcber 10 Jahren in meiner Praxis hier in Stuttgart.\" \/>\n<meta property=\"og:url\" content=\"https:\/\/heilpraktiker-zimmermann.de\/web\/heilpraktiker-zimmermann\/\" \/>\n<meta property=\"og:site_name\" content=\"Heilpraktiker Zimmermann\" \/>\n<meta property=\"article:publisher\" content=\"https:\/\/www.facebook.com\/profile.php?id=100067179100832\" \/>\n<meta property=\"article:modified_time\" content=\"2025-12-06T09:58:08+00:00\" \/>\n<meta property=\"og:image\" content=\"https:\/\/heilpraktiker-zimmermann.de\/web\/wp-content\/uploads\/2025\/12\/Timo-Schreibtisch-scaled-1.jpg\" \/>\n\t<meta property=\"og:image:width\" content=\"2277\" \/>\n\t<meta property=\"og:image:height\" content=\"2560\" \/>\n\t<meta property=\"og:image:type\" content=\"image\/jpeg\" \/>\n<meta name=\"twitter:card\" content=\"summary_large_image\" \/>\n<meta name=\"twitter:label1\" content=\"Gesch\u00e4tzte Lesezeit\" \/>\n\t<meta name=\"twitter:data1\" content=\"2\u00a0Minuten\" \/>\n<script type=\"application\/ld+json\" class=\"yoast-schema-graph\">{\"@context\":\"https:\\\/\\\/schema.org\",\"@graph\":[{\"@type\":\"WebPage\",\"@id\":\"https:\\\/\\\/heilpraktiker-zimmermann.de\\\/web\\\/heilpraktiker-zimmermann\\\/\",\"url\":\"https:\\\/\\\/heilpraktiker-zimmermann.de\\\/web\\\/heilpraktiker-zimmermann\\\/\",\"name\":\"\u00dcber mich - Heilpraktiker Zimmermann\",\"isPartOf\":{\"@id\":\"https:\\\/\\\/heilpraktiker-zimmermann.de\\\/web\\\/#website\"},\"primaryImageOfPage\":{\"@id\":\"https:\\\/\\\/heilpraktiker-zimmermann.de\\\/web\\\/heilpraktiker-zimmermann\\\/#primaryimage\"},\"image\":{\"@id\":\"https:\\\/\\\/heilpraktiker-zimmermann.de\\\/web\\\/heilpraktiker-zimmermann\\\/#primaryimage\"},\"thumbnailUrl\":\"https:\\\/\\\/heilpraktiker-zimmermann.de\\\/web\\\/wp-content\\\/uploads\\\/2025\\\/12\\\/Timo-Schreibtisch-scaled-1.jpg\",\"datePublished\":\"2023-02-07T13:54:06+00:00\",\"dateModified\":\"2025-12-06T09:58:08+00:00\",\"description\":\"Mein Name ist Timo Zimmermann ich bin seit dem Jahr 2010 staatlich gepr\u00fcfter Heilpraktiker und arbeite nun seit \u00fcber 10 Jahren in meiner Praxis hier in Stuttgart.\",\"breadcrumb\":{\"@id\":\"https:\\\/\\\/heilpraktiker-zimmermann.de\\\/web\\\/heilpraktiker-zimmermann\\\/#breadcrumb\"},\"inLanguage\":\"de\",\"potentialAction\":[{\"@type\":\"ReadAction\",\"target\":[\"https:\\\/\\\/heilpraktiker-zimmermann.de\\\/web\\\/heilpraktiker-zimmermann\\\/\"]}]},{\"@type\":\"ImageObject\",\"inLanguage\":\"de\",\"@id\":\"https:\\\/\\\/heilpraktiker-zimmermann.de\\\/web\\\/heilpraktiker-zimmermann\\\/#primaryimage\",\"url\":\"https:\\\/\\\/heilpraktiker-zimmermann.de\\\/web\\\/wp-content\\\/uploads\\\/2025\\\/12\\\/Timo-Schreibtisch-scaled-1.jpg\",\"contentUrl\":\"https:\\\/\\\/heilpraktiker-zimmermann.de\\\/web\\\/wp-content\\\/uploads\\\/2025\\\/12\\\/Timo-Schreibtisch-scaled-1.jpg\",\"width\":2277,\"height\":2560},{\"@type\":\"BreadcrumbList\",\"@id\":\"https:\\\/\\\/heilpraktiker-zimmermann.de\\\/web\\\/heilpraktiker-zimmermann\\\/#breadcrumb\",\"itemListElement\":[{\"@type\":\"ListItem\",\"position\":1,\"name\":\"Startseite\",\"item\":\"https:\\\/\\\/heilpraktiker-zimmermann.de\\\/web\\\/\"},{\"@type\":\"ListItem\",\"position\":2,\"name\":\"\u00dcber mich\"}]},{\"@type\":\"WebSite\",\"@id\":\"https:\\\/\\\/heilpraktiker-zimmermann.de\\\/web\\\/#website\",\"url\":\"https:\\\/\\\/heilpraktiker-zimmermann.de\\\/web\\\/\",\"name\":\"Heilpraktiker Zimmermann\",\"description\":\"Nat\u00fcrlich heilen.\",\"publisher\":{\"@id\":\"https:\\\/\\\/heilpraktiker-zimmermann.de\\\/web\\\/#organization\"},\"potentialAction\":[{\"@type\":\"SearchAction\",\"target\":{\"@type\":\"EntryPoint\",\"urlTemplate\":\"https:\\\/\\\/heilpraktiker-zimmermann.de\\\/web\\\/?s={search_term_string}\"},\"query-input\":{\"@type\":\"PropertyValueSpecification\",\"valueRequired\":true,\"valueName\":\"search_term_string\"}}],\"inLanguage\":\"de\"},{\"@type\":\"Organization\",\"@id\":\"https:\\\/\\\/heilpraktiker-zimmermann.de\\\/web\\\/#organization\",\"name\":\"Heilpraktiker Zimmermann\",\"url\":\"https:\\\/\\\/heilpraktiker-zimmermann.de\\\/web\\\/\",\"logo\":{\"@type\":\"ImageObject\",\"inLanguage\":\"de\",\"@id\":\"https:\\\/\\\/heilpraktiker-zimmermann.de\\\/web\\\/#\\\/schema\\\/logo\\\/image\\\/\",\"url\":\"https:\\\/\\\/heilpraktiker-zimmermann.de\\\/web\\\/wp-content\\\/uploads\\\/2023\\\/03\\\/praxis-60.jpg\",\"contentUrl\":\"https:\\\/\\\/heilpraktiker-zimmermann.de\\\/web\\\/wp-content\\\/uploads\\\/2023\\\/03\\\/praxis-60.jpg\",\"width\":410,\"height\":220,\"caption\":\"Heilpraktiker Zimmermann\"},\"image\":{\"@id\":\"https:\\\/\\\/heilpraktiker-zimmermann.de\\\/web\\\/#\\\/schema\\\/logo\\\/image\\\/\"},\"sameAs\":[\"https:\\\/\\\/www.facebook.com\\\/profile.php?id=100067179100832\"]}]}<\/script>\n<!-- \/ Yoast SEO plugin. -->","yoast_head_json":{"title":"\u00dcber mich - Heilpraktiker Zimmermann","description":"Mein Name ist Timo Zimmermann ich bin seit dem Jahr 2010 staatlich gepr\u00fcfter Heilpraktiker und arbeite nun seit \u00fcber 10 Jahren in meiner Praxis hier in Stuttgart.","robots":{"index":"index","follow":"follow","max-snippet":"max-snippet:-1","max-image-preview":"max-image-preview:large","max-video-preview":"max-video-preview:-1"},"canonical":"https:\/\/heilpraktiker-zimmermann.de\/web\/heilpraktiker-zimmermann\/","og_locale":"de_DE","og_type":"article","og_title":"\u00dcber mich - Heilpraktiker Zimmermann","og_description":"Mein Name ist Timo Zimmermann ich bin seit dem Jahr 2010 staatlich gepr\u00fcfter Heilpraktiker und arbeite nun seit \u00fcber 10 Jahren in meiner Praxis hier in Stuttgart.","og_url":"https:\/\/heilpraktiker-zimmermann.de\/web\/heilpraktiker-zimmermann\/","og_site_name":"Heilpraktiker Zimmermann","article_publisher":"https:\/\/www.facebook.com\/profile.php?id=100067179100832","article_modified_time":"2025-12-06T09:58:08+00:00","og_image":[{"width":2277,"height":2560,"url":"https:\/\/heilpraktiker-zimmermann.de\/web\/wp-content\/uploads\/2025\/12\/Timo-Schreibtisch-scaled-1.jpg","type":"image\/jpeg"}],"twitter_card":"summary_large_image","twitter_misc":{"Gesch\u00e4tzte Lesezeit":"2\u00a0Minuten"},"schema":{"@context":"https:\/\/schema.org","@graph":[{"@type":"WebPage","@id":"https:\/\/heilpraktiker-zimmermann.de\/web\/heilpraktiker-zimmermann\/","url":"https:\/\/heilpraktiker-zimmermann.de\/web\/heilpraktiker-zimmermann\/","name":"\u00dcber mich - Heilpraktiker Zimmermann","isPartOf":{"@id":"https:\/\/heilpraktiker-zimmermann.de\/web\/#website"},"primaryImageOfPage":{"@id":"https:\/\/heilpraktiker-zimmermann.de\/web\/heilpraktiker-zimmermann\/#primaryimage"},"image":{"@id":"https:\/\/heilpraktiker-zimmermann.de\/web\/heilpraktiker-zimmermann\/#primaryimage"},"thumbnailUrl":"https:\/\/heilpraktiker-zimmermann.de\/web\/wp-content\/uploads\/2025\/12\/Timo-Schreibtisch-scaled-1.jpg","datePublished":"2023-02-07T13:54:06+00:00","dateModified":"2025-12-06T09:58:08+00:00","description":"Mein Name ist Timo Zimmermann ich bin seit dem Jahr 2010 staatlich gepr\u00fcfter Heilpraktiker und arbeite nun seit \u00fcber 10 Jahren in meiner Praxis hier in Stuttgart.","breadcrumb":{"@id":"https:\/\/heilpraktiker-zimmermann.de\/web\/heilpraktiker-zimmermann\/#breadcrumb"},"inLanguage":"de","potentialAction":[{"@type":"ReadAction","target":["https:\/\/heilpraktiker-zimmermann.de\/web\/heilpraktiker-zimmermann\/"]}]},{"@type":"ImageObject","inLanguage":"de","@id":"https:\/\/heilpraktiker-zimmermann.de\/web\/heilpraktiker-zimmermann\/#primaryimage","url":"https:\/\/heilpraktiker-zimmermann.de\/web\/wp-content\/uploads\/2025\/12\/Timo-Schreibtisch-scaled-1.jpg","contentUrl":"https:\/\/heilpraktiker-zimmermann.de\/web\/wp-content\/uploads\/2025\/12\/Timo-Schreibtisch-scaled-1.jpg","width":2277,"height":2560},{"@type":"BreadcrumbList","@id":"https:\/\/heilpraktiker-zimmermann.de\/web\/heilpraktiker-zimmermann\/#breadcrumb","itemListElement":[{"@type":"ListItem","position":1,"name":"Startseite","item":"https:\/\/heilpraktiker-zimmermann.de\/web\/"},{"@type":"ListItem","position":2,"name":"\u00dcber mich"}]},{"@type":"WebSite","@id":"https:\/\/heilpraktiker-zimmermann.de\/web\/#website","url":"https:\/\/heilpraktiker-zimmermann.de\/web\/","name":"Heilpraktiker Zimmermann","description":"Nat\u00fcrlich heilen.","publisher":{"@id":"https:\/\/heilpraktiker-zimmermann.de\/web\/#organization"},"potentialAction":[{"@type":"SearchAction","target":{"@type":"EntryPoint","urlTemplate":"https:\/\/heilpraktiker-zimmermann.de\/web\/?s={search_term_string}"},"query-input":{"@type":"PropertyValueSpecification","valueRequired":true,"valueName":"search_term_string"}}],"inLanguage":"de"},{"@type":"Organization","@id":"https:\/\/heilpraktiker-zimmermann.de\/web\/#organization","name":"Heilpraktiker Zimmermann","url":"https:\/\/heilpraktiker-zimmermann.de\/web\/","logo":{"@type":"ImageObject","inLanguage":"de","@id":"https:\/\/heilpraktiker-zimmermann.de\/web\/#\/schema\/logo\/image\/","url":"https:\/\/heilpraktiker-zimmermann.de\/web\/wp-content\/uploads\/2023\/03\/praxis-60.jpg","contentUrl":"https:\/\/heilpraktiker-zimmermann.de\/web\/wp-content\/uploads\/2023\/03\/praxis-60.jpg","width":410,"height":220,"caption":"Heilpraktiker Zimmermann"},"image":{"@id":"https:\/\/heilpraktiker-zimmermann.de\/web\/#\/schema\/logo\/image\/"},"sameAs":["https:\/\/www.facebook.com\/profile.php?id=100067179100832"]}]}},"_links":{"self":[{"href":"https:\/\/heilpraktiker-zimmermann.de\/web\/wp-json\/wp\/v2\/pages\/88","targetHints":{"allow":["GET"]}}],"collection":[{"href":"https:\/\/heilpraktiker-zimmermann.de\/web\/wp-json\/wp\/v2\/pages"}],"about":[{"href":"https:\/\/heilpraktiker-zimmermann.de\/web\/wp-json\/wp\/v2\/types\/page"}],"author":[{"embeddable":true,"href":"https:\/\/heilpraktiker-zimmermann.de\/web\/wp-json\/wp\/v2\/users\/1"}],"replies":[{"embeddable":true,"href":"https:\/\/heilpraktiker-zimmermann.de\/web\/wp-json\/wp\/v2\/comments?post=88"}],"version-history":[{"count":39,"href":"https:\/\/heilpraktiker-zimmermann.de\/web\/wp-json\/wp\/v2\/pages\/88\/revisions"}],"predecessor-version":[{"id":1798,"href":"https:\/\/heilpraktiker-zimmermann.de\/web\/wp-json\/wp\/v2\/pages\/88\/revisions\/1798"}],"wp:featuredmedia":[{"embeddable":true,"href":"https:\/\/heilpraktiker-zimmermann.de\/web\/wp-json\/wp\/v2\/media\/1789"}],"wp:attachment":[{"href":"https:\/\/heilpraktiker-zimmermann.de\/web\/wp-json\/wp\/v2\/media?parent=88"}],"curies":[{"name":"wp","href":"https:\/\/api.w.org\/{rel}","templated":true}]}}