{"id":85,"date":"2023-02-07T14:53:23","date_gmt":"2023-02-07T13:53:23","guid":{"rendered":"https:\/\/heilpraktiker-zimmermann.de\/web\/?page_id=85"},"modified":"2023-04-04T11:52:13","modified_gmt":"2023-04-04T09:52:13","slug":"franzoesische-ohrakupunktur","status":"publish","type":"page","link":"https:\/\/heilpraktiker-zimmermann.de\/web\/therapien-2\/franzoesische-ohrakupunktur\/","title":{"rendered":"Franz\u00f6sische Ohrakupunktur"},"content":{"rendered":"\n<div class=\"wp-block-cover aligncenter is-light has-small-font-size\"><span aria-hidden=\"true\" class=\"wp-block-cover__background has-background-dim-20 has-background-dim\"><\/span><img loading=\"lazy\" decoding=\"async\" width=\"1893\" height=\"1262\" class=\"wp-block-cover__image-background wp-image-504\" alt=\"\" src=\"https:\/\/heilpraktiker-zimmermann.de\/web\/wp-content\/uploads\/2023\/03\/acupuncture.jpg\" style=\"object-position:60% 50%\" data-object-fit=\"cover\" data-object-position=\"60% 50%\" srcset=\"https:\/\/heilpraktiker-zimmermann.de\/web\/wp-content\/uploads\/2023\/03\/acupuncture.jpg 1893w, https:\/\/heilpraktiker-zimmermann.de\/web\/wp-content\/uploads\/2023\/03\/acupuncture-300x200.jpg 300w, https:\/\/heilpraktiker-zimmermann.de\/web\/wp-content\/uploads\/2023\/03\/acupuncture-1024x683.jpg 1024w, https:\/\/heilpraktiker-zimmermann.de\/web\/wp-content\/uploads\/2023\/03\/acupuncture-768x512.jpg 768w, https:\/\/heilpraktiker-zimmermann.de\/web\/wp-content\/uploads\/2023\/03\/acupuncture-1536x1024.jpg 1536w, https:\/\/heilpraktiker-zimmermann.de\/web\/wp-content\/uploads\/2023\/03\/acupuncture-930x620.jpg 930w\" sizes=\"auto, (max-width: 1893px) 100vw, 1893px\" \/><div class=\"wp-block-cover__inner-container is-layout-flow wp-block-cover-is-layout-flow\">\n<figure class=\"wp-block-pullquote alignleft has-text-align-center is-style-default has-border-color has-nv-text-dark-bg-color has-text-color has-background has-small-font-size\" style=\"border-color:#ffffff;border-style:solid;border-width:2px;border-radius:15px;background-color:#7ab51d\"><blockquote><p><strong>\u201eDie wirksamste Medizin ist die <br>nat\u00fcrliche Heilkraft, die im Inneren <br>eines jeden von uns liegt.\u201c<\/strong><\/p><cite>Hippokrates von Kos (460 bis etwa 377 v. Chr.), griechischer Arzt<\/cite><\/blockquote><\/figure>\n<\/div><\/div>\n\n\n\n<div style=\"height:100px\" aria-hidden=\"true\" class=\"wp-block-spacer\"><\/div>\n\n\n\n<div class=\"wp-block-columns alignwide is-layout-flex wp-container-core-columns-is-layout-9d6595d7 wp-block-columns-is-layout-flex\">\n<div class=\"wp-block-column eqheight_own border_own is-layout-flow wp-block-column-is-layout-flow\" style=\"flex-basis:50%\">\n<h4 class=\"wp-block-heading\">Was ist das?<\/h4>\n\n\n\n<p>Im Gegensatz zur K\u00f6rperakupunktur, welche in China schon seit vielen tausend Jahren praktiziert wird, ist die Ohrakupunktur eine europ\u00e4ische und relativ junge Entdeckung. Sie geht zur\u00fcck auf den franz\u00f6sischen Arzt Dr. Paul Nogier und wird deshalb oft auch franz\u00f6sische Ohrakupunktur genannt.<\/p>\n<\/div>\n\n\n\n<div class=\"wp-block-column is-vertically-aligned-top eqheight_own border_own is-layout-flow wp-block-column-is-layout-flow\" style=\"flex-basis:50%\">\n<h4 class=\"wp-block-heading\">Was bringt mir die Ohrakupunktur?<\/h4>\n\n\n\n<p>Es k\u00f6nnen alle Arten von Schmerzen behandelt werden, besonders diejenigen an der Wirbels\u00e4ule und den Gelenken aber auch Migr\u00e4ne, Allergien oder Zust\u00e4nde nach einem Schlaganfall. <br>Eine besondere Bedeutung kommt der Ohrakupunktur bei der Suchtbehandlung zu. Die Raucherentw\u00f6hnung oder die Bek\u00e4mpfung der Esssucht sind hier besonders zu erw\u00e4hnen.<\/p>\n<\/div>\n<\/div>\n\n\n\n<div class=\"wp-block-group\"><div class=\"wp-block-group__inner-container is-layout-constrained wp-block-group-is-layout-constrained\">\n<div style=\"height:40px\" aria-hidden=\"true\" class=\"wp-block-spacer\"><\/div>\n\n\n\n<hr class=\"wp-block-separator has-text-color has-neve-link-hover-color-color has-alpha-channel-opacity has-neve-link-hover-color-background-color has-background is-style-wide\"\/>\n\n\n\n<div style=\"height:40px\" aria-hidden=\"true\" class=\"wp-block-spacer\"><\/div>\n<\/div><\/div>\n\n\n\n<div class=\"wp-block-columns alignwide is-layout-flex wp-container-core-columns-is-layout-9d6595d7 wp-block-columns-is-layout-flex\">\n<div class=\"wp-block-column eqheight2_own has-background is-layout-flow wp-block-column-is-layout-flow\" style=\"background-color:#7ab51d0f;flex-basis:60%\">\n<h4 class=\"wp-block-heading\">Sie haben&#8230;<\/h4>\n\n\n\n<div class=\"wp-block-group\"><div class=\"wp-block-group__inner-container is-layout-constrained wp-block-group-is-layout-constrained\">\n<div class=\"wp-block-group\"><div class=\"wp-block-group__inner-container is-layout-constrained wp-block-group-is-layout-constrained\">\n<h5 class=\"wp-block-heading has-nv-text-dark-bg-color has-neve-link-hover-color-background-color has-text-color has-background\" style=\"text-transform:none\">Kopf-, R\u00fccken- und Gelenkschmerzen oder Schwindel?<\/h5>\n<\/div><\/div>\n\n\n\n<div class=\"wp-block-group\"><div class=\"wp-block-group__inner-container is-layout-constrained wp-block-group-is-layout-constrained\">\n<h5 class=\"wp-block-heading has-text-align-left has-nv-text-dark-bg-color has-neve-link-hover-color-background-color has-text-color has-background\" style=\"text-transform:none\">verschiedenste organische Leiden?<\/h5>\n<\/div><\/div>\n\n\n\n<h5 class=\"wp-block-heading has-text-align-left has-nv-text-dark-bg-color has-neve-link-hover-color-background-color has-text-color has-background\" style=\"text-transform:none\">Allergien, Asthma oder neurologisch St\u00f6rungen?<\/h5>\n\n\n\n<h5 class=\"wp-block-heading has-text-align-left has-nv-text-dark-bg-color has-neve-link-hover-color-background-color has-text-color has-background\" style=\"text-transform:none\">vor mit dem Rauchen aufzuh\u00f6ren? vor abzunehmen?<\/h5>\n<\/div><\/div>\n<\/div>\n\n\n\n<div class=\"wp-block-column is-vertically-aligned-top eqheight2_own has-background is-layout-flow wp-block-column-is-layout-flow\" style=\"background-color:#7ab51d0f;flex-basis:40%\">\n<h4 class=\"wp-block-heading\">Lassen Sie sich helfen.<\/h4>\n\n\n\n<p>Liegen Beschwerden oder Erkrankungen in einem Organ oder K\u00f6rperabschnitt vor, so wird sich der entsprechende Ohrreflexpunkt als besonders druckschmerzhaft erweisen.<br>Durch Nadelung der Ohrreflexpunkte l\u00e4sst sich ein therapeutischer Reiz auf das korrespondierende Organ oder K\u00f6rpergebiet aus\u00fcben und somit wird der K\u00f6rper angeregt die Selbstheilungskr\u00e4fte gezielt auf dieses Gebiet zu konzentrieren. <\/p>\n<\/div>\n<\/div>\n","protected":false},"excerpt":{"rendered":"<p>Was ist das? Im Gegensatz zur K\u00f6rperakupunktur, welche in China schon seit vielen tausend Jahren praktiziert wird, ist die Ohrakupunktur eine europ\u00e4ische und relativ junge Entdeckung. Sie geht zur\u00fcck auf den franz\u00f6sischen Arzt Dr. Paul Nogier und wird deshalb oft auch franz\u00f6sische Ohrakupunktur genannt. Was bringt mir die Ohrakupunktur? Es k\u00f6nnen alle Arten von Schmerzen&hellip;&nbsp;<a href=\"https:\/\/heilpraktiker-zimmermann.de\/web\/therapien-2\/franzoesische-ohrakupunktur\/\" rel=\"bookmark\">Weiterlesen &raquo;<span class=\"screen-reader-text\">Franz\u00f6sische Ohrakupunktur<\/span><\/a><\/p>\n","protected":false},"author":1,"featured_media":0,"parent":73,"menu_order":1,"comment_status":"closed","ping_status":"closed","template":"page-templates\/template-pagebuilder-full-width.php","meta":{"neve_meta_sidebar":"","neve_meta_container":"","neve_meta_enable_content_width":"","neve_meta_content_width":0,"neve_meta_title_alignment":"","neve_meta_author_avatar":"","neve_post_elements_order":"","neve_meta_disable_header":"","neve_meta_disable_footer":"","neve_meta_disable_title":"","footnotes":""},"class_list":["post-85","page","type-page","status-publish","hentry"],"yoast_head":"<!-- This site is optimized with the Yoast SEO plugin v27.4 - https:\/\/yoast.com\/product\/yoast-seo-wordpress\/ -->\n<title>Franz\u00f6sische Ohrakupunktur - Heilpraktiker Zimmermann<\/title>\n<meta name=\"description\" content=\"Mithilfe bestimmter Akupunktur-Punkte im Ohr soll der Energiefluss wieder in die richtigen Bahnen gelenkt werden, so dass der K\u00f6rper seine Selbstheilungskr\u00e4fte an der richtigen Stelle einsetzt.\" \/>\n<meta name=\"robots\" content=\"index, follow, max-snippet:-1, max-image-preview:large, max-video-preview:-1\" \/>\n<link rel=\"canonical\" href=\"https:\/\/heilpraktiker-zimmermann.de\/web\/therapien-2\/franzoesische-ohrakupunktur\/\" \/>\n<meta property=\"og:locale\" content=\"de_DE\" \/>\n<meta property=\"og:type\" content=\"article\" \/>\n<meta property=\"og:title\" content=\"Franz\u00f6sische Ohrakupunktur - Heilpraktiker Zimmermann\" \/>\n<meta property=\"og:description\" content=\"Mithilfe bestimmter Akupunktur-Punkte im Ohr soll der Energiefluss wieder in die richtigen Bahnen gelenkt werden, so dass der K\u00f6rper seine Selbstheilungskr\u00e4fte an der richtigen Stelle einsetzt.\" \/>\n<meta property=\"og:url\" content=\"https:\/\/heilpraktiker-zimmermann.de\/web\/therapien-2\/franzoesische-ohrakupunktur\/\" \/>\n<meta property=\"og:site_name\" content=\"Heilpraktiker Zimmermann\" \/>\n<meta property=\"article:publisher\" content=\"https:\/\/www.facebook.com\/profile.php?id=100067179100832\" \/>\n<meta property=\"article:modified_time\" content=\"2023-04-04T09:52:13+00:00\" \/>\n<meta property=\"og:image\" content=\"https:\/\/heilpraktiker-zimmermann.de\/web\/wp-content\/uploads\/2023\/03\/acupuncture.jpg\" \/>\n<meta name=\"twitter:card\" content=\"summary_large_image\" \/>\n<meta name=\"twitter:label1\" content=\"Gesch\u00e4tzte Lesezeit\" \/>\n\t<meta name=\"twitter:data1\" content=\"2\u00a0Minuten\" \/>\n<script type=\"application\/ld+json\" class=\"yoast-schema-graph\">{\"@context\":\"https:\\\/\\\/schema.org\",\"@graph\":[{\"@type\":\"WebPage\",\"@id\":\"https:\\\/\\\/heilpraktiker-zimmermann.de\\\/web\\\/therapien-2\\\/franzoesische-ohrakupunktur\\\/\",\"url\":\"https:\\\/\\\/heilpraktiker-zimmermann.de\\\/web\\\/therapien-2\\\/franzoesische-ohrakupunktur\\\/\",\"name\":\"Franz\u00f6sische Ohrakupunktur - Heilpraktiker Zimmermann\",\"isPartOf\":{\"@id\":\"https:\\\/\\\/heilpraktiker-zimmermann.de\\\/web\\\/#website\"},\"primaryImageOfPage\":{\"@id\":\"https:\\\/\\\/heilpraktiker-zimmermann.de\\\/web\\\/therapien-2\\\/franzoesische-ohrakupunktur\\\/#primaryimage\"},\"image\":{\"@id\":\"https:\\\/\\\/heilpraktiker-zimmermann.de\\\/web\\\/therapien-2\\\/franzoesische-ohrakupunktur\\\/#primaryimage\"},\"thumbnailUrl\":\"https:\\\/\\\/heilpraktiker-zimmermann.de\\\/web\\\/wp-content\\\/uploads\\\/2023\\\/03\\\/acupuncture.jpg\",\"datePublished\":\"2023-02-07T13:53:23+00:00\",\"dateModified\":\"2023-04-04T09:52:13+00:00\",\"description\":\"Mithilfe bestimmter Akupunktur-Punkte im Ohr soll der Energiefluss wieder in die richtigen Bahnen gelenkt werden, so dass der K\u00f6rper seine Selbstheilungskr\u00e4fte an der richtigen Stelle einsetzt.\",\"breadcrumb\":{\"@id\":\"https:\\\/\\\/heilpraktiker-zimmermann.de\\\/web\\\/therapien-2\\\/franzoesische-ohrakupunktur\\\/#breadcrumb\"},\"inLanguage\":\"de\",\"potentialAction\":[{\"@type\":\"ReadAction\",\"target\":[\"https:\\\/\\\/heilpraktiker-zimmermann.de\\\/web\\\/therapien-2\\\/franzoesische-ohrakupunktur\\\/\"]}]},{\"@type\":\"ImageObject\",\"inLanguage\":\"de\",\"@id\":\"https:\\\/\\\/heilpraktiker-zimmermann.de\\\/web\\\/therapien-2\\\/franzoesische-ohrakupunktur\\\/#primaryimage\",\"url\":\"https:\\\/\\\/heilpraktiker-zimmermann.de\\\/web\\\/wp-content\\\/uploads\\\/2023\\\/03\\\/acupuncture.jpg\",\"contentUrl\":\"https:\\\/\\\/heilpraktiker-zimmermann.de\\\/web\\\/wp-content\\\/uploads\\\/2023\\\/03\\\/acupuncture.jpg\",\"width\":1893,\"height\":1262},{\"@type\":\"BreadcrumbList\",\"@id\":\"https:\\\/\\\/heilpraktiker-zimmermann.de\\\/web\\\/therapien-2\\\/franzoesische-ohrakupunktur\\\/#breadcrumb\",\"itemListElement\":[{\"@type\":\"ListItem\",\"position\":1,\"name\":\"Startseite\",\"item\":\"https:\\\/\\\/heilpraktiker-zimmermann.de\\\/web\\\/\"},{\"@type\":\"ListItem\",\"position\":2,\"name\":\"Therapien\",\"item\":\"https:\\\/\\\/heilpraktiker-zimmermann.de\\\/web\\\/therapien-2\\\/\"},{\"@type\":\"ListItem\",\"position\":3,\"name\":\"Franz\u00f6sische Ohrakupunktur\"}]},{\"@type\":\"WebSite\",\"@id\":\"https:\\\/\\\/heilpraktiker-zimmermann.de\\\/web\\\/#website\",\"url\":\"https:\\\/\\\/heilpraktiker-zimmermann.de\\\/web\\\/\",\"name\":\"Heilpraktiker Zimmermann\",\"description\":\"Nat\u00fcrlich heilen.\",\"publisher\":{\"@id\":\"https:\\\/\\\/heilpraktiker-zimmermann.de\\\/web\\\/#organization\"},\"potentialAction\":[{\"@type\":\"SearchAction\",\"target\":{\"@type\":\"EntryPoint\",\"urlTemplate\":\"https:\\\/\\\/heilpraktiker-zimmermann.de\\\/web\\\/?s={search_term_string}\"},\"query-input\":{\"@type\":\"PropertyValueSpecification\",\"valueRequired\":true,\"valueName\":\"search_term_string\"}}],\"inLanguage\":\"de\"},{\"@type\":\"Organization\",\"@id\":\"https:\\\/\\\/heilpraktiker-zimmermann.de\\\/web\\\/#organization\",\"name\":\"Heilpraktiker Zimmermann\",\"url\":\"https:\\\/\\\/heilpraktiker-zimmermann.de\\\/web\\\/\",\"logo\":{\"@type\":\"ImageObject\",\"inLanguage\":\"de\",\"@id\":\"https:\\\/\\\/heilpraktiker-zimmermann.de\\\/web\\\/#\\\/schema\\\/logo\\\/image\\\/\",\"url\":\"https:\\\/\\\/heilpraktiker-zimmermann.de\\\/web\\\/wp-content\\\/uploads\\\/2023\\\/03\\\/praxis-60.jpg\",\"contentUrl\":\"https:\\\/\\\/heilpraktiker-zimmermann.de\\\/web\\\/wp-content\\\/uploads\\\/2023\\\/03\\\/praxis-60.jpg\",\"width\":410,\"height\":220,\"caption\":\"Heilpraktiker Zimmermann\"},\"image\":{\"@id\":\"https:\\\/\\\/heilpraktiker-zimmermann.de\\\/web\\\/#\\\/schema\\\/logo\\\/image\\\/\"},\"sameAs\":[\"https:\\\/\\\/www.facebook.com\\\/profile.php?id=100067179100832\"]}]}<\/script>\n<!-- \/ Yoast SEO plugin. -->","yoast_head_json":{"title":"Franz\u00f6sische Ohrakupunktur - Heilpraktiker Zimmermann","description":"Mithilfe bestimmter Akupunktur-Punkte im Ohr soll der Energiefluss wieder in die richtigen Bahnen gelenkt werden, so dass der K\u00f6rper seine Selbstheilungskr\u00e4fte an der richtigen Stelle einsetzt.","robots":{"index":"index","follow":"follow","max-snippet":"max-snippet:-1","max-image-preview":"max-image-preview:large","max-video-preview":"max-video-preview:-1"},"canonical":"https:\/\/heilpraktiker-zimmermann.de\/web\/therapien-2\/franzoesische-ohrakupunktur\/","og_locale":"de_DE","og_type":"article","og_title":"Franz\u00f6sische Ohrakupunktur - Heilpraktiker Zimmermann","og_description":"Mithilfe bestimmter Akupunktur-Punkte im Ohr soll der Energiefluss wieder in die richtigen Bahnen gelenkt werden, so dass der K\u00f6rper seine Selbstheilungskr\u00e4fte an der richtigen Stelle einsetzt.","og_url":"https:\/\/heilpraktiker-zimmermann.de\/web\/therapien-2\/franzoesische-ohrakupunktur\/","og_site_name":"Heilpraktiker Zimmermann","article_publisher":"https:\/\/www.facebook.com\/profile.php?id=100067179100832","article_modified_time":"2023-04-04T09:52:13+00:00","og_image":[{"url":"https:\/\/heilpraktiker-zimmermann.de\/web\/wp-content\/uploads\/2023\/03\/acupuncture.jpg","type":"","width":"","height":""}],"twitter_card":"summary_large_image","twitter_misc":{"Gesch\u00e4tzte Lesezeit":"2\u00a0Minuten"},"schema":{"@context":"https:\/\/schema.org","@graph":[{"@type":"WebPage","@id":"https:\/\/heilpraktiker-zimmermann.de\/web\/therapien-2\/franzoesische-ohrakupunktur\/","url":"https:\/\/heilpraktiker-zimmermann.de\/web\/therapien-2\/franzoesische-ohrakupunktur\/","name":"Franz\u00f6sische Ohrakupunktur - Heilpraktiker Zimmermann","isPartOf":{"@id":"https:\/\/heilpraktiker-zimmermann.de\/web\/#website"},"primaryImageOfPage":{"@id":"https:\/\/heilpraktiker-zimmermann.de\/web\/therapien-2\/franzoesische-ohrakupunktur\/#primaryimage"},"image":{"@id":"https:\/\/heilpraktiker-zimmermann.de\/web\/therapien-2\/franzoesische-ohrakupunktur\/#primaryimage"},"thumbnailUrl":"https:\/\/heilpraktiker-zimmermann.de\/web\/wp-content\/uploads\/2023\/03\/acupuncture.jpg","datePublished":"2023-02-07T13:53:23+00:00","dateModified":"2023-04-04T09:52:13+00:00","description":"Mithilfe bestimmter Akupunktur-Punkte im Ohr soll der Energiefluss wieder in die richtigen Bahnen gelenkt werden, so dass der K\u00f6rper seine Selbstheilungskr\u00e4fte an der richtigen Stelle einsetzt.","breadcrumb":{"@id":"https:\/\/heilpraktiker-zimmermann.de\/web\/therapien-2\/franzoesische-ohrakupunktur\/#breadcrumb"},"inLanguage":"de","potentialAction":[{"@type":"ReadAction","target":["https:\/\/heilpraktiker-zimmermann.de\/web\/therapien-2\/franzoesische-ohrakupunktur\/"]}]},{"@type":"ImageObject","inLanguage":"de","@id":"https:\/\/heilpraktiker-zimmermann.de\/web\/therapien-2\/franzoesische-ohrakupunktur\/#primaryimage","url":"https:\/\/heilpraktiker-zimmermann.de\/web\/wp-content\/uploads\/2023\/03\/acupuncture.jpg","contentUrl":"https:\/\/heilpraktiker-zimmermann.de\/web\/wp-content\/uploads\/2023\/03\/acupuncture.jpg","width":1893,"height":1262},{"@type":"BreadcrumbList","@id":"https:\/\/heilpraktiker-zimmermann.de\/web\/therapien-2\/franzoesische-ohrakupunktur\/#breadcrumb","itemListElement":[{"@type":"ListItem","position":1,"name":"Startseite","item":"https:\/\/heilpraktiker-zimmermann.de\/web\/"},{"@type":"ListItem","position":2,"name":"Therapien","item":"https:\/\/heilpraktiker-zimmermann.de\/web\/therapien-2\/"},{"@type":"ListItem","position":3,"name":"Franz\u00f6sische Ohrakupunktur"}]},{"@type":"WebSite","@id":"https:\/\/heilpraktiker-zimmermann.de\/web\/#website","url":"https:\/\/heilpraktiker-zimmermann.de\/web\/","name":"Heilpraktiker Zimmermann","description":"Nat\u00fcrlich heilen.","publisher":{"@id":"https:\/\/heilpraktiker-zimmermann.de\/web\/#organization"},"potentialAction":[{"@type":"SearchAction","target":{"@type":"EntryPoint","urlTemplate":"https:\/\/heilpraktiker-zimmermann.de\/web\/?s={search_term_string}"},"query-input":{"@type":"PropertyValueSpecification","valueRequired":true,"valueName":"search_term_string"}}],"inLanguage":"de"},{"@type":"Organization","@id":"https:\/\/heilpraktiker-zimmermann.de\/web\/#organization","name":"Heilpraktiker Zimmermann","url":"https:\/\/heilpraktiker-zimmermann.de\/web\/","logo":{"@type":"ImageObject","inLanguage":"de","@id":"https:\/\/heilpraktiker-zimmermann.de\/web\/#\/schema\/logo\/image\/","url":"https:\/\/heilpraktiker-zimmermann.de\/web\/wp-content\/uploads\/2023\/03\/praxis-60.jpg","contentUrl":"https:\/\/heilpraktiker-zimmermann.de\/web\/wp-content\/uploads\/2023\/03\/praxis-60.jpg","width":410,"height":220,"caption":"Heilpraktiker Zimmermann"},"image":{"@id":"https:\/\/heilpraktiker-zimmermann.de\/web\/#\/schema\/logo\/image\/"},"sameAs":["https:\/\/www.facebook.com\/profile.php?id=100067179100832"]}]}},"_links":{"self":[{"href":"https:\/\/heilpraktiker-zimmermann.de\/web\/wp-json\/wp\/v2\/pages\/85","targetHints":{"allow":["GET"]}}],"collection":[{"href":"https:\/\/heilpraktiker-zimmermann.de\/web\/wp-json\/wp\/v2\/pages"}],"about":[{"href":"https:\/\/heilpraktiker-zimmermann.de\/web\/wp-json\/wp\/v2\/types\/page"}],"author":[{"embeddable":true,"href":"https:\/\/heilpraktiker-zimmermann.de\/web\/wp-json\/wp\/v2\/users\/1"}],"replies":[{"embeddable":true,"href":"https:\/\/heilpraktiker-zimmermann.de\/web\/wp-json\/wp\/v2\/comments?post=85"}],"version-history":[{"count":14,"href":"https:\/\/heilpraktiker-zimmermann.de\/web\/wp-json\/wp\/v2\/pages\/85\/revisions"}],"predecessor-version":[{"id":818,"href":"https:\/\/heilpraktiker-zimmermann.de\/web\/wp-json\/wp\/v2\/pages\/85\/revisions\/818"}],"up":[{"embeddable":true,"href":"https:\/\/heilpraktiker-zimmermann.de\/web\/wp-json\/wp\/v2\/pages\/73"}],"wp:attachment":[{"href":"https:\/\/heilpraktiker-zimmermann.de\/web\/wp-json\/wp\/v2\/media?parent=85"}],"curies":[{"name":"wp","href":"https:\/\/api.w.org\/{rel}","templated":true}]}}