{"id":82,"date":"2023-02-07T14:52:47","date_gmt":"2023-02-07T13:52:47","guid":{"rendered":"https:\/\/heilpraktiker-zimmermann.de\/web\/?page_id=82"},"modified":"2023-04-02T15:40:45","modified_gmt":"2023-04-02T13:40:45","slug":"schroepfen-baunscheidt-verfahren","status":"publish","type":"page","link":"https:\/\/heilpraktiker-zimmermann.de\/web\/therapien-2\/schroepfen-baunscheidt-verfahren\/","title":{"rendered":"Schr\u00f6pfen, Baunscheidt-Verfahren"},"content":{"rendered":"\n<div class=\"wp-block-cover aligncenter is-light has-custom-content-position is-position-bottom-right has-small-font-size\"><span aria-hidden=\"true\" class=\"wp-block-cover__background has-background-dim-20 has-background-dim\"><\/span><img loading=\"lazy\" decoding=\"async\" width=\"2560\" height=\"1707\" class=\"wp-block-cover__image-background wp-image-464\" alt=\"\" src=\"https:\/\/heilpraktiker-zimmermann.de\/web\/wp-content\/uploads\/2023\/02\/cupping-scaled.jpg\" data-object-fit=\"cover\" srcset=\"https:\/\/heilpraktiker-zimmermann.de\/web\/wp-content\/uploads\/2023\/02\/cupping-scaled.jpg 2560w, https:\/\/heilpraktiker-zimmermann.de\/web\/wp-content\/uploads\/2023\/02\/cupping-300x200.jpg 300w, https:\/\/heilpraktiker-zimmermann.de\/web\/wp-content\/uploads\/2023\/02\/cupping-1024x683.jpg 1024w, https:\/\/heilpraktiker-zimmermann.de\/web\/wp-content\/uploads\/2023\/02\/cupping-768x512.jpg 768w, https:\/\/heilpraktiker-zimmermann.de\/web\/wp-content\/uploads\/2023\/02\/cupping-1536x1024.jpg 1536w, https:\/\/heilpraktiker-zimmermann.de\/web\/wp-content\/uploads\/2023\/02\/cupping-2048x1365.jpg 2048w, https:\/\/heilpraktiker-zimmermann.de\/web\/wp-content\/uploads\/2023\/02\/cupping-930x620.jpg 930w\" sizes=\"auto, (max-width: 2560px) 100vw, 2560px\" \/><div class=\"wp-block-cover__inner-container is-layout-flow wp-block-cover-is-layout-flow\">\n<figure class=\"wp-block-pullquote alignleft has-text-align-center is-style-default has-border-color has-nv-text-dark-bg-color has-text-color has-background has-small-font-size\" style=\"border-color:#ffffff;border-style:solid;border-width:2px;border-radius:15px;background-color:#7ab51d\"><blockquote><p><strong>\u201eTu deinem Leib etwas Gutes, damit deine Seele Lust hat, darin zu wohnen.\u201c<\/strong><\/p><cite>Teresa von \u00c1vila, Karmelitin und Heilige des 16. Jahrhunderts<\/cite><\/blockquote><\/figure>\n<\/div><\/div>\n\n\n\n<div style=\"height:100px\" aria-hidden=\"true\" class=\"wp-block-spacer\"><\/div>\n\n\n\n<div class=\"wp-block-columns alignwide is-layout-flex wp-container-core-columns-is-layout-9d6595d7 wp-block-columns-is-layout-flex\">\n<div class=\"wp-block-column eqheight_own border_own is-layout-flow wp-block-column-is-layout-flow\" style=\"flex-basis:30%\">\n<h4 class=\"wp-block-heading\">Was ist Schr\u00f6pfen?<\/h4>\n\n\n\n<p>Spezielle Gl\u00e4ser werden auf bestimmte Hautareale aufgesetzt.<\/p>\n\n\n\n<p>Durch Unterdruck wird sowohl das Lymphsystem als auch die Durchblutung angeregt und so die Selbstheilungskr\u00e4fte des K\u00f6rpers aktiviert.<\/p>\n<\/div>\n\n\n\n<div class=\"wp-block-column is-vertically-aligned-top eqheight_own border_own is-layout-flow wp-block-column-is-layout-flow\" style=\"flex-basis:70%\">\n<h4 class=\"wp-block-heading\">Was bringt mir das Schr\u00f6pfen?<\/h4>\n\n\n\n<ul class=\"wp-block-list\" style=\"text-decoration:none\">\n<li>Ihr Immunsystem wird stimuliert und der gesamte Organismus wird widerstandsf\u00e4higer.<\/li>\n\n\n\n<li>Erh\u00f6hte Zirkulation des Blut- und Lymphkreislaufes beschleunigt den Gesundungsprozess.<\/li>\n\n\n\n<li>Durch gezielte Anwendungen k\u00f6nnen s\u00e4mtliche Organe des K\u00f6rpers behandelt werden.<\/li>\n\n\n\n<li>Die Schr\u00f6pfbehandlung wirkt 5-6 Mal tiefer als klassische Handmassage.<\/li>\n\n\n\n<li>Keine Nebenwirkungen.<\/li>\n<\/ul>\n<\/div>\n<\/div>\n\n\n\n<div class=\"wp-block-group\"><div class=\"wp-block-group__inner-container is-layout-constrained wp-block-group-is-layout-constrained\">\n<div style=\"height:40px\" aria-hidden=\"true\" class=\"wp-block-spacer\"><\/div>\n\n\n\n<hr class=\"wp-block-separator has-text-color has-neve-link-hover-color-color has-alpha-channel-opacity has-neve-link-hover-color-background-color has-background is-style-wide\"\/>\n\n\n\n<div style=\"height:40px\" aria-hidden=\"true\" class=\"wp-block-spacer\"><\/div>\n<\/div><\/div>\n\n\n\n<div class=\"wp-block-columns alignwide is-layout-flex wp-container-core-columns-is-layout-9d6595d7 wp-block-columns-is-layout-flex\">\n<div class=\"wp-block-column eqheight2_own has-background is-layout-flow wp-block-column-is-layout-flow\" style=\"background-color:#7ab51d0f;flex-basis:70%\">\n<h4 class=\"wp-block-heading\">Sie m\u00f6chten&#8230;<\/h4>\n\n\n\n<div class=\"wp-block-group\"><div class=\"wp-block-group__inner-container is-layout-constrained wp-block-group-is-layout-constrained\">\n<div class=\"wp-block-group\"><div class=\"wp-block-group__inner-container is-layout-constrained wp-block-group-is-layout-constrained\">\n<h5 class=\"wp-block-heading has-nv-text-dark-bg-color has-neve-link-hover-color-background-color has-text-color has-background\" style=\"text-transform:none\">Ihr Immunsystem nat\u00fcrlich ankurbeln?<\/h5>\n<\/div><\/div>\n\n\n\n<div class=\"wp-block-group\"><div class=\"wp-block-group__inner-container is-layout-constrained wp-block-group-is-layout-constrained\">\n<h5 class=\"wp-block-heading has-text-align-left has-nv-text-dark-bg-color has-neve-link-hover-color-background-color has-text-color has-background\" style=\"text-transform:none\">Ihren K\u00f6rper angenehm und wirksam entschlacken?<\/h5>\n<\/div><\/div>\n\n\n\n<h5 class=\"wp-block-heading has-text-align-left has-nv-text-dark-bg-color has-neve-link-hover-color-background-color has-text-color has-background\" style=\"text-transform:none\">effektiv den Selbstheilungsprozess unterst\u00fctzen?<\/h5>\n<\/div><\/div>\n<\/div>\n\n\n\n<div class=\"wp-block-column is-vertically-aligned-top eqheight2_own has-background is-layout-flow wp-block-column-is-layout-flow\" style=\"background-color:#7ab51d0f;flex-basis:30%\">\n<h4 class=\"wp-block-heading\">Vertrauen Sie auf bew\u00e4hrte Methoden.<\/h4>\n\n\n\n<p>Das Schr\u00f6pfen ist eine jahrtausend lang bew\u00e4hrte und erfolgreiche Methode zur Entschlackung und Entgiftung des K\u00f6rpers.<br>Au\u00dferdem kann man mit der Schr\u00f6pfbehandlung gezielt tiefer sitzende Verspannungen aufl\u00f6sen.<\/p>\n<\/div>\n<\/div>\n\n\n\n<div class=\"wp-block-group\"><div class=\"wp-block-group__inner-container is-layout-constrained wp-block-group-is-layout-constrained\">\n<div style=\"height:40px\" aria-hidden=\"true\" class=\"wp-block-spacer\"><\/div>\n\n\n\n<hr class=\"wp-block-separator has-text-color has-neve-link-hover-color-color has-alpha-channel-opacity has-neve-link-hover-color-background-color has-background is-style-wide\"\/>\n\n\n\n<div style=\"height:40px\" aria-hidden=\"true\" class=\"wp-block-spacer\"><\/div>\n<\/div><\/div>\n\n\n\n<div class=\"wp-block-media-text alignwide is-stacked-on-mobile is-vertically-aligned-center\" style=\"grid-template-columns:25% auto\"><figure class=\"wp-block-media-text__media\"><img loading=\"lazy\" decoding=\"async\" width=\"250\" height=\"160\" src=\"https:\/\/heilpraktiker-zimmermann.de\/web\/wp-content\/uploads\/2023\/02\/baunscheidt_polaroid-e1675978663299.png\" alt=\"\" class=\"wp-image-16 size-full\"\/><\/figure><div class=\"wp-block-media-text__content\">\n<h2 class=\"wp-block-heading\">Baunscheidt-Verfahren<\/h2>\n\n\n\n<p>Beim Baunscheidt-Verfahren werden mit einem Lebenswecker \u2013 eine Art Stichel \u2013 die Hautporen oberfl\u00e4chlich er\u00f6ffnet. Dies ist leicht unangenehm, jedoch nicht schmerzhaft. Anschlie\u00dfend wird ein hautreizendes \u00d6l aufgetragen, welches in der Haut eine vor\u00fcbergehende R\u00f6tung und eine Bildung von Lymphbl\u00e4schen erzeugt. Durch dieses Verfahren werden verschiedenste Stoffwechselprozesse im K\u00f6rper in Gang gesetzt und somit die Selbstheilung des K\u00f6rpers beschleunigt und verst\u00e4rkt. <\/p>\n<\/div><\/div>\n","protected":false},"excerpt":{"rendered":"<p>Was ist Schr\u00f6pfen? Spezielle Gl\u00e4ser werden auf bestimmte Hautareale aufgesetzt. Durch Unterdruck wird sowohl das Lymphsystem als auch die Durchblutung angeregt und so die Selbstheilungskr\u00e4fte des K\u00f6rpers aktiviert. Was bringt mir das Schr\u00f6pfen? Sie m\u00f6chten&#8230; Ihr Immunsystem nat\u00fcrlich ankurbeln? Ihren K\u00f6rper angenehm und wirksam entschlacken? effektiv den Selbstheilungsprozess unterst\u00fctzen? Vertrauen Sie auf bew\u00e4hrte Methoden. Das&hellip;&nbsp;<a href=\"https:\/\/heilpraktiker-zimmermann.de\/web\/therapien-2\/schroepfen-baunscheidt-verfahren\/\" rel=\"bookmark\">Weiterlesen &raquo;<span class=\"screen-reader-text\">Schr\u00f6pfen, Baunscheidt-Verfahren<\/span><\/a><\/p>\n","protected":false},"author":1,"featured_media":0,"parent":73,"menu_order":2,"comment_status":"closed","ping_status":"closed","template":"page-templates\/template-pagebuilder-full-width.php","meta":{"neve_meta_sidebar":"","neve_meta_container":"","neve_meta_enable_content_width":"","neve_meta_content_width":0,"neve_meta_title_alignment":"","neve_meta_author_avatar":"","neve_post_elements_order":"","neve_meta_disable_header":"","neve_meta_disable_footer":"","neve_meta_disable_title":"","footnotes":""},"class_list":["post-82","page","type-page","status-publish","hentry"],"yoast_head":"<!-- This site is optimized with the Yoast SEO plugin v27.4 - https:\/\/yoast.com\/product\/yoast-seo-wordpress\/ -->\n<title>Schr\u00f6pfen, Baunscheidt-Verfahren - Heilpraktiker Zimmermann<\/title>\n<meta name=\"description\" content=\"Das Schr\u00f6pfen und das Baunscheidt-Verfahren geh\u00f6ren zu den sogenannten ausleitenden Verfahren, da der Lymphflu\u00df und die Durchblutung im K\u00f6rper angeregt werden.\" \/>\n<meta name=\"robots\" content=\"index, follow, max-snippet:-1, max-image-preview:large, max-video-preview:-1\" \/>\n<link rel=\"canonical\" href=\"https:\/\/heilpraktiker-zimmermann.de\/web\/therapien-2\/schroepfen-baunscheidt-verfahren\/\" \/>\n<meta property=\"og:locale\" content=\"de_DE\" \/>\n<meta property=\"og:type\" content=\"article\" \/>\n<meta property=\"og:title\" content=\"Schr\u00f6pfen, Baunscheidt-Verfahren - Heilpraktiker Zimmermann\" \/>\n<meta property=\"og:description\" content=\"Das Schr\u00f6pfen und das Baunscheidt-Verfahren geh\u00f6ren zu den sogenannten ausleitenden Verfahren, da der Lymphflu\u00df und die Durchblutung im K\u00f6rper angeregt werden.\" \/>\n<meta property=\"og:url\" content=\"https:\/\/heilpraktiker-zimmermann.de\/web\/therapien-2\/schroepfen-baunscheidt-verfahren\/\" \/>\n<meta property=\"og:site_name\" content=\"Heilpraktiker Zimmermann\" \/>\n<meta property=\"article:publisher\" content=\"https:\/\/www.facebook.com\/profile.php?id=100067179100832\" \/>\n<meta property=\"article:modified_time\" content=\"2023-04-02T13:40:45+00:00\" \/>\n<meta property=\"og:image\" content=\"https:\/\/heilpraktiker-zimmermann.de\/web\/wp-content\/uploads\/2023\/02\/cupping-scaled.jpg\" \/>\n<meta name=\"twitter:card\" content=\"summary_large_image\" \/>\n<meta name=\"twitter:label1\" content=\"Gesch\u00e4tzte Lesezeit\" \/>\n\t<meta name=\"twitter:data1\" content=\"2\u00a0Minuten\" \/>\n<script type=\"application\/ld+json\" class=\"yoast-schema-graph\">{\"@context\":\"https:\\\/\\\/schema.org\",\"@graph\":[{\"@type\":\"WebPage\",\"@id\":\"https:\\\/\\\/heilpraktiker-zimmermann.de\\\/web\\\/therapien-2\\\/schroepfen-baunscheidt-verfahren\\\/\",\"url\":\"https:\\\/\\\/heilpraktiker-zimmermann.de\\\/web\\\/therapien-2\\\/schroepfen-baunscheidt-verfahren\\\/\",\"name\":\"Schr\u00f6pfen, Baunscheidt-Verfahren - Heilpraktiker Zimmermann\",\"isPartOf\":{\"@id\":\"https:\\\/\\\/heilpraktiker-zimmermann.de\\\/web\\\/#website\"},\"primaryImageOfPage\":{\"@id\":\"https:\\\/\\\/heilpraktiker-zimmermann.de\\\/web\\\/therapien-2\\\/schroepfen-baunscheidt-verfahren\\\/#primaryimage\"},\"image\":{\"@id\":\"https:\\\/\\\/heilpraktiker-zimmermann.de\\\/web\\\/therapien-2\\\/schroepfen-baunscheidt-verfahren\\\/#primaryimage\"},\"thumbnailUrl\":\"https:\\\/\\\/heilpraktiker-zimmermann.de\\\/web\\\/wp-content\\\/uploads\\\/2023\\\/02\\\/cupping-scaled.jpg\",\"datePublished\":\"2023-02-07T13:52:47+00:00\",\"dateModified\":\"2023-04-02T13:40:45+00:00\",\"description\":\"Das Schr\u00f6pfen und das Baunscheidt-Verfahren geh\u00f6ren zu den sogenannten ausleitenden Verfahren, da der Lymphflu\u00df und die Durchblutung im K\u00f6rper angeregt werden.\",\"breadcrumb\":{\"@id\":\"https:\\\/\\\/heilpraktiker-zimmermann.de\\\/web\\\/therapien-2\\\/schroepfen-baunscheidt-verfahren\\\/#breadcrumb\"},\"inLanguage\":\"de\",\"potentialAction\":[{\"@type\":\"ReadAction\",\"target\":[\"https:\\\/\\\/heilpraktiker-zimmermann.de\\\/web\\\/therapien-2\\\/schroepfen-baunscheidt-verfahren\\\/\"]}]},{\"@type\":\"ImageObject\",\"inLanguage\":\"de\",\"@id\":\"https:\\\/\\\/heilpraktiker-zimmermann.de\\\/web\\\/therapien-2\\\/schroepfen-baunscheidt-verfahren\\\/#primaryimage\",\"url\":\"https:\\\/\\\/heilpraktiker-zimmermann.de\\\/web\\\/wp-content\\\/uploads\\\/2023\\\/02\\\/cupping-scaled.jpg\",\"contentUrl\":\"https:\\\/\\\/heilpraktiker-zimmermann.de\\\/web\\\/wp-content\\\/uploads\\\/2023\\\/02\\\/cupping-scaled.jpg\",\"width\":2560,\"height\":1707},{\"@type\":\"BreadcrumbList\",\"@id\":\"https:\\\/\\\/heilpraktiker-zimmermann.de\\\/web\\\/therapien-2\\\/schroepfen-baunscheidt-verfahren\\\/#breadcrumb\",\"itemListElement\":[{\"@type\":\"ListItem\",\"position\":1,\"name\":\"Startseite\",\"item\":\"https:\\\/\\\/heilpraktiker-zimmermann.de\\\/web\\\/\"},{\"@type\":\"ListItem\",\"position\":2,\"name\":\"Therapien\",\"item\":\"https:\\\/\\\/heilpraktiker-zimmermann.de\\\/web\\\/therapien-2\\\/\"},{\"@type\":\"ListItem\",\"position\":3,\"name\":\"Schr\u00f6pfen, Baunscheidt-Verfahren\"}]},{\"@type\":\"WebSite\",\"@id\":\"https:\\\/\\\/heilpraktiker-zimmermann.de\\\/web\\\/#website\",\"url\":\"https:\\\/\\\/heilpraktiker-zimmermann.de\\\/web\\\/\",\"name\":\"Heilpraktiker Zimmermann\",\"description\":\"Nat\u00fcrlich heilen.\",\"publisher\":{\"@id\":\"https:\\\/\\\/heilpraktiker-zimmermann.de\\\/web\\\/#organization\"},\"potentialAction\":[{\"@type\":\"SearchAction\",\"target\":{\"@type\":\"EntryPoint\",\"urlTemplate\":\"https:\\\/\\\/heilpraktiker-zimmermann.de\\\/web\\\/?s={search_term_string}\"},\"query-input\":{\"@type\":\"PropertyValueSpecification\",\"valueRequired\":true,\"valueName\":\"search_term_string\"}}],\"inLanguage\":\"de\"},{\"@type\":\"Organization\",\"@id\":\"https:\\\/\\\/heilpraktiker-zimmermann.de\\\/web\\\/#organization\",\"name\":\"Heilpraktiker Zimmermann\",\"url\":\"https:\\\/\\\/heilpraktiker-zimmermann.de\\\/web\\\/\",\"logo\":{\"@type\":\"ImageObject\",\"inLanguage\":\"de\",\"@id\":\"https:\\\/\\\/heilpraktiker-zimmermann.de\\\/web\\\/#\\\/schema\\\/logo\\\/image\\\/\",\"url\":\"https:\\\/\\\/heilpraktiker-zimmermann.de\\\/web\\\/wp-content\\\/uploads\\\/2023\\\/03\\\/praxis-60.jpg\",\"contentUrl\":\"https:\\\/\\\/heilpraktiker-zimmermann.de\\\/web\\\/wp-content\\\/uploads\\\/2023\\\/03\\\/praxis-60.jpg\",\"width\":410,\"height\":220,\"caption\":\"Heilpraktiker Zimmermann\"},\"image\":{\"@id\":\"https:\\\/\\\/heilpraktiker-zimmermann.de\\\/web\\\/#\\\/schema\\\/logo\\\/image\\\/\"},\"sameAs\":[\"https:\\\/\\\/www.facebook.com\\\/profile.php?id=100067179100832\"]}]}<\/script>\n<!-- \/ Yoast SEO plugin. -->","yoast_head_json":{"title":"Schr\u00f6pfen, Baunscheidt-Verfahren - Heilpraktiker Zimmermann","description":"Das Schr\u00f6pfen und das Baunscheidt-Verfahren geh\u00f6ren zu den sogenannten ausleitenden Verfahren, da der Lymphflu\u00df und die Durchblutung im K\u00f6rper angeregt werden.","robots":{"index":"index","follow":"follow","max-snippet":"max-snippet:-1","max-image-preview":"max-image-preview:large","max-video-preview":"max-video-preview:-1"},"canonical":"https:\/\/heilpraktiker-zimmermann.de\/web\/therapien-2\/schroepfen-baunscheidt-verfahren\/","og_locale":"de_DE","og_type":"article","og_title":"Schr\u00f6pfen, Baunscheidt-Verfahren - Heilpraktiker Zimmermann","og_description":"Das Schr\u00f6pfen und das Baunscheidt-Verfahren geh\u00f6ren zu den sogenannten ausleitenden Verfahren, da der Lymphflu\u00df und die Durchblutung im K\u00f6rper angeregt werden.","og_url":"https:\/\/heilpraktiker-zimmermann.de\/web\/therapien-2\/schroepfen-baunscheidt-verfahren\/","og_site_name":"Heilpraktiker Zimmermann","article_publisher":"https:\/\/www.facebook.com\/profile.php?id=100067179100832","article_modified_time":"2023-04-02T13:40:45+00:00","og_image":[{"url":"https:\/\/heilpraktiker-zimmermann.de\/web\/wp-content\/uploads\/2023\/02\/cupping-scaled.jpg","type":"","width":"","height":""}],"twitter_card":"summary_large_image","twitter_misc":{"Gesch\u00e4tzte Lesezeit":"2\u00a0Minuten"},"schema":{"@context":"https:\/\/schema.org","@graph":[{"@type":"WebPage","@id":"https:\/\/heilpraktiker-zimmermann.de\/web\/therapien-2\/schroepfen-baunscheidt-verfahren\/","url":"https:\/\/heilpraktiker-zimmermann.de\/web\/therapien-2\/schroepfen-baunscheidt-verfahren\/","name":"Schr\u00f6pfen, Baunscheidt-Verfahren - Heilpraktiker Zimmermann","isPartOf":{"@id":"https:\/\/heilpraktiker-zimmermann.de\/web\/#website"},"primaryImageOfPage":{"@id":"https:\/\/heilpraktiker-zimmermann.de\/web\/therapien-2\/schroepfen-baunscheidt-verfahren\/#primaryimage"},"image":{"@id":"https:\/\/heilpraktiker-zimmermann.de\/web\/therapien-2\/schroepfen-baunscheidt-verfahren\/#primaryimage"},"thumbnailUrl":"https:\/\/heilpraktiker-zimmermann.de\/web\/wp-content\/uploads\/2023\/02\/cupping-scaled.jpg","datePublished":"2023-02-07T13:52:47+00:00","dateModified":"2023-04-02T13:40:45+00:00","description":"Das Schr\u00f6pfen und das Baunscheidt-Verfahren geh\u00f6ren zu den sogenannten ausleitenden Verfahren, da der Lymphflu\u00df und die Durchblutung im K\u00f6rper angeregt werden.","breadcrumb":{"@id":"https:\/\/heilpraktiker-zimmermann.de\/web\/therapien-2\/schroepfen-baunscheidt-verfahren\/#breadcrumb"},"inLanguage":"de","potentialAction":[{"@type":"ReadAction","target":["https:\/\/heilpraktiker-zimmermann.de\/web\/therapien-2\/schroepfen-baunscheidt-verfahren\/"]}]},{"@type":"ImageObject","inLanguage":"de","@id":"https:\/\/heilpraktiker-zimmermann.de\/web\/therapien-2\/schroepfen-baunscheidt-verfahren\/#primaryimage","url":"https:\/\/heilpraktiker-zimmermann.de\/web\/wp-content\/uploads\/2023\/02\/cupping-scaled.jpg","contentUrl":"https:\/\/heilpraktiker-zimmermann.de\/web\/wp-content\/uploads\/2023\/02\/cupping-scaled.jpg","width":2560,"height":1707},{"@type":"BreadcrumbList","@id":"https:\/\/heilpraktiker-zimmermann.de\/web\/therapien-2\/schroepfen-baunscheidt-verfahren\/#breadcrumb","itemListElement":[{"@type":"ListItem","position":1,"name":"Startseite","item":"https:\/\/heilpraktiker-zimmermann.de\/web\/"},{"@type":"ListItem","position":2,"name":"Therapien","item":"https:\/\/heilpraktiker-zimmermann.de\/web\/therapien-2\/"},{"@type":"ListItem","position":3,"name":"Schr\u00f6pfen, Baunscheidt-Verfahren"}]},{"@type":"WebSite","@id":"https:\/\/heilpraktiker-zimmermann.de\/web\/#website","url":"https:\/\/heilpraktiker-zimmermann.de\/web\/","name":"Heilpraktiker Zimmermann","description":"Nat\u00fcrlich heilen.","publisher":{"@id":"https:\/\/heilpraktiker-zimmermann.de\/web\/#organization"},"potentialAction":[{"@type":"SearchAction","target":{"@type":"EntryPoint","urlTemplate":"https:\/\/heilpraktiker-zimmermann.de\/web\/?s={search_term_string}"},"query-input":{"@type":"PropertyValueSpecification","valueRequired":true,"valueName":"search_term_string"}}],"inLanguage":"de"},{"@type":"Organization","@id":"https:\/\/heilpraktiker-zimmermann.de\/web\/#organization","name":"Heilpraktiker Zimmermann","url":"https:\/\/heilpraktiker-zimmermann.de\/web\/","logo":{"@type":"ImageObject","inLanguage":"de","@id":"https:\/\/heilpraktiker-zimmermann.de\/web\/#\/schema\/logo\/image\/","url":"https:\/\/heilpraktiker-zimmermann.de\/web\/wp-content\/uploads\/2023\/03\/praxis-60.jpg","contentUrl":"https:\/\/heilpraktiker-zimmermann.de\/web\/wp-content\/uploads\/2023\/03\/praxis-60.jpg","width":410,"height":220,"caption":"Heilpraktiker Zimmermann"},"image":{"@id":"https:\/\/heilpraktiker-zimmermann.de\/web\/#\/schema\/logo\/image\/"},"sameAs":["https:\/\/www.facebook.com\/profile.php?id=100067179100832"]}]}},"_links":{"self":[{"href":"https:\/\/heilpraktiker-zimmermann.de\/web\/wp-json\/wp\/v2\/pages\/82","targetHints":{"allow":["GET"]}}],"collection":[{"href":"https:\/\/heilpraktiker-zimmermann.de\/web\/wp-json\/wp\/v2\/pages"}],"about":[{"href":"https:\/\/heilpraktiker-zimmermann.de\/web\/wp-json\/wp\/v2\/types\/page"}],"author":[{"embeddable":true,"href":"https:\/\/heilpraktiker-zimmermann.de\/web\/wp-json\/wp\/v2\/users\/1"}],"replies":[{"embeddable":true,"href":"https:\/\/heilpraktiker-zimmermann.de\/web\/wp-json\/wp\/v2\/comments?post=82"}],"version-history":[{"count":12,"href":"https:\/\/heilpraktiker-zimmermann.de\/web\/wp-json\/wp\/v2\/pages\/82\/revisions"}],"predecessor-version":[{"id":804,"href":"https:\/\/heilpraktiker-zimmermann.de\/web\/wp-json\/wp\/v2\/pages\/82\/revisions\/804"}],"up":[{"embeddable":true,"href":"https:\/\/heilpraktiker-zimmermann.de\/web\/wp-json\/wp\/v2\/pages\/73"}],"wp:attachment":[{"href":"https:\/\/heilpraktiker-zimmermann.de\/web\/wp-json\/wp\/v2\/media?parent=82"}],"curies":[{"name":"wp","href":"https:\/\/api.w.org\/{rel}","templated":true}]}}