{"id":79,"date":"2023-02-07T14:51:54","date_gmt":"2023-02-07T13:51:54","guid":{"rendered":"https:\/\/heilpraktiker-zimmermann.de\/web\/?page_id=79"},"modified":"2023-04-02T10:28:47","modified_gmt":"2023-04-02T08:28:47","slug":"dorn-breuss-wirbelsaeulentherapie","status":"publish","type":"page","link":"https:\/\/heilpraktiker-zimmermann.de\/web\/therapien-2\/dorn-breuss-wirbelsaeulentherapie\/","title":{"rendered":"Dorn-Breuss-Wirbels\u00e4ulentherapie"},"content":{"rendered":"\n<div class=\"wp-block-cover aligncenter is-light has-custom-content-position is-position-bottom-right has-small-font-size\"><span aria-hidden=\"true\" class=\"wp-block-cover__background has-background-dim-20 has-background-dim\"><\/span><img loading=\"lazy\" decoding=\"async\" width=\"2560\" height=\"1707\" class=\"wp-block-cover__image-background wp-image-524\" alt=\"\" src=\"https:\/\/heilpraktiker-zimmermann.de\/web\/wp-content\/uploads\/2023\/03\/dorn-scaled.jpg\" style=\"object-position:50% 50%\" data-object-fit=\"cover\" data-object-position=\"50% 50%\" srcset=\"https:\/\/heilpraktiker-zimmermann.de\/web\/wp-content\/uploads\/2023\/03\/dorn-scaled.jpg 2560w, https:\/\/heilpraktiker-zimmermann.de\/web\/wp-content\/uploads\/2023\/03\/dorn-300x200.jpg 300w, https:\/\/heilpraktiker-zimmermann.de\/web\/wp-content\/uploads\/2023\/03\/dorn-1024x683.jpg 1024w, https:\/\/heilpraktiker-zimmermann.de\/web\/wp-content\/uploads\/2023\/03\/dorn-768x512.jpg 768w, https:\/\/heilpraktiker-zimmermann.de\/web\/wp-content\/uploads\/2023\/03\/dorn-1536x1024.jpg 1536w, https:\/\/heilpraktiker-zimmermann.de\/web\/wp-content\/uploads\/2023\/03\/dorn-2048x1365.jpg 2048w, https:\/\/heilpraktiker-zimmermann.de\/web\/wp-content\/uploads\/2023\/03\/dorn-930x620.jpg 930w\" sizes=\"auto, (max-width: 2560px) 100vw, 2560px\" \/><div class=\"wp-block-cover__inner-container is-layout-flow wp-block-cover-is-layout-flow\">\n<figure class=\"wp-block-pullquote alignleft has-text-align-center is-style-default has-border-color has-nv-text-dark-bg-color has-text-color has-background has-small-font-size\" style=\"border-color:#ffffff;border-style:solid;border-width:2px;border-radius:15px;background-color:#7ab51d\"><blockquote><p><strong><em>\u201eManchmal w\u00e4re es g\u00fcnstig, man w\u00fcrde, ehe man einen Herzschrittmacher reinmacht, erst einmal den zweiten Brustwirbel reinmachen.\u201c<\/em><\/strong><\/p><cite>Dieter Dorn, Landwirt und Erfinder der Dorn-Therapie<\/cite><\/blockquote><\/figure>\n<\/div><\/div>\n\n\n\n<div style=\"height:100px\" aria-hidden=\"true\" class=\"wp-block-spacer\"><\/div>\n\n\n\n<div class=\"wp-block-columns alignwide is-layout-flex wp-container-core-columns-is-layout-9d6595d7 wp-block-columns-is-layout-flex\">\n<div class=\"wp-block-column eqheight_own border_own is-layout-flow wp-block-column-is-layout-flow\" style=\"flex-basis:50%\">\n<h4 class=\"wp-block-heading\">Was ist das?<\/h4>\n\n\n\n<p>Die Wirbels\u00e4ulenbehandlung nach Dieter Dorn ist eine sanfte ganzheitliche K\u00f6rpertherapie f\u00fcr R\u00fccken und Gelenke.<\/p>\n\n\n\n<p>Die Massagetechnik nach Rudolf Breuss ist eine manuelle und energetische Wirbels\u00e4ulenmassage zur L\u00f6sung von Blockaden.<\/p>\n<\/div>\n\n\n\n<div class=\"wp-block-column is-vertically-aligned-top eqheight_own border_own is-layout-flow wp-block-column-is-layout-flow\" style=\"flex-basis:50%\">\n<h4 class=\"wp-block-heading\">Was bringt mir die Dorn-Breuss-Therapie?<\/h4>\n\n\n\n<p>Durch die L\u00f6sung der Wirbelblockaden werden oftmals gleichzeitig Bandscheiben, eingeklemmte Nerven und Blutgef\u00e4\u00dfe befreit, sodass \u00fcber K\u00f6rperregionen korrespondierende Organe und Organsysteme wieder versorgt und St\u00f6rungen reguliert werden k\u00f6nnen. All das geschieht ohne Besch\u00e4digung von Sehnen, B\u00e4ndern oder Muskeln mittels sanftem Druck. <\/p>\n<\/div>\n<\/div>\n\n\n\n<div class=\"wp-block-group\"><div class=\"wp-block-group__inner-container is-layout-constrained wp-block-group-is-layout-constrained\">\n<div style=\"height:40px\" aria-hidden=\"true\" class=\"wp-block-spacer\"><\/div>\n\n\n\n<hr class=\"wp-block-separator has-text-color has-neve-link-hover-color-color has-alpha-channel-opacity has-neve-link-hover-color-background-color has-background is-style-wide\"\/>\n\n\n\n<div style=\"height:40px\" aria-hidden=\"true\" class=\"wp-block-spacer\"><\/div>\n<\/div><\/div>\n\n\n\n<div class=\"wp-block-columns alignwide is-layout-flex wp-container-core-columns-is-layout-9d6595d7 wp-block-columns-is-layout-flex\">\n<div class=\"wp-block-column eqheight2_own has-background is-layout-flow wp-block-column-is-layout-flow\" style=\"background-color:#7ab51d0f;flex-basis:50%\">\n<h4 class=\"wp-block-heading\">Sie haben&#8230;<\/h4>\n\n\n\n<div class=\"wp-block-group\"><div class=\"wp-block-group__inner-container is-layout-constrained wp-block-group-is-layout-constrained\">\n<div class=\"wp-block-group\"><div class=\"wp-block-group__inner-container is-layout-constrained wp-block-group-is-layout-constrained\">\n<h5 class=\"wp-block-heading has-nv-text-dark-bg-color has-neve-link-hover-color-background-color has-text-color has-background has-medium-font-size\" style=\"text-transform:none\">Kopf-, R\u00fccken- und Gelenkschmerzen oder Schwindel?<\/h5>\n\n\n\n<h5 class=\"wp-block-heading has-text-align-left has-nv-text-dark-bg-color has-neve-link-hover-color-background-color has-text-color has-background has-medium-font-size\" style=\"text-transform:none\">verschiedenste organische Leiden, z.B. Herzrhythmusst\u00f6rungen; Stoffwechsel-probleme?<\/h5>\n\n\n\n<h5 class=\"wp-block-heading has-text-align-left has-nv-text-dark-bg-color has-neve-link-hover-color-background-color has-text-color has-background has-medium-font-size\" style=\"text-transform:none\">das Gef\u00fchl, Ihr eigenes Gewicht erdr\u00fcckt Sie?<\/h5>\n<\/div><\/div>\n<\/div><\/div>\n<\/div>\n\n\n\n<div class=\"wp-block-column is-vertically-aligned-top eqheight2_own has-background is-layout-flow wp-block-column-is-layout-flow\" style=\"background-color:#7ab51d0f;flex-basis:50%\">\n<h4 class=\"wp-block-heading\">Im Einklang mit K\u00f6rper, Geist und Seele<\/h4>\n\n\n\n<p>Die Wirbel werden im Einklang mit einer nat\u00fcrlich Muskelbewegung des Patienten in die richtige Position gedr\u00fcckt. <br>Diese sanfte Korrektur nimmt der K\u00f6rper lieber an und widersetzt sich nicht. <br>Die Korrektur ist frei von Nebenwirkungen und v\u00f6llig ungef\u00e4hrlich. Man geht nur bis an die Schmerzgrenze nicht dar\u00fcber hinaus. <br>Sie erhalten Selbsthilfe-Aufgaben mit denen sie dem Schmerz entgegenwirken k\u00f6nnen.<\/p>\n<\/div>\n<\/div>\n","protected":false},"excerpt":{"rendered":"<p>Was ist das? Die Wirbels\u00e4ulenbehandlung nach Dieter Dorn ist eine sanfte ganzheitliche K\u00f6rpertherapie f\u00fcr R\u00fccken und Gelenke. Die Massagetechnik nach Rudolf Breuss ist eine manuelle und energetische Wirbels\u00e4ulenmassage zur L\u00f6sung von Blockaden. Was bringt mir die Dorn-Breuss-Therapie? Durch die L\u00f6sung der Wirbelblockaden werden oftmals gleichzeitig Bandscheiben, eingeklemmte Nerven und Blutgef\u00e4\u00dfe befreit, sodass \u00fcber K\u00f6rperregionen korrespondierende&hellip;&nbsp;<a href=\"https:\/\/heilpraktiker-zimmermann.de\/web\/therapien-2\/dorn-breuss-wirbelsaeulentherapie\/\" rel=\"bookmark\">Weiterlesen &raquo;<span class=\"screen-reader-text\">Dorn-Breuss-Wirbels\u00e4ulentherapie<\/span><\/a><\/p>\n","protected":false},"author":1,"featured_media":0,"parent":73,"menu_order":0,"comment_status":"closed","ping_status":"closed","template":"page-templates\/template-pagebuilder-full-width.php","meta":{"neve_meta_sidebar":"default","neve_meta_container":"contained","neve_meta_enable_content_width":"off","neve_meta_content_width":70,"neve_meta_title_alignment":"","neve_meta_author_avatar":"","neve_post_elements_order":"","neve_meta_disable_header":"","neve_meta_disable_footer":"","neve_meta_disable_title":"","footnotes":""},"class_list":["post-79","page","type-page","status-publish","hentry"],"yoast_head":"<!-- This site is optimized with the Yoast SEO plugin v27.4 - https:\/\/yoast.com\/product\/yoast-seo-wordpress\/ -->\n<title>Dorn-Breuss-Wirbels\u00e4ulentherapie - Heilpraktiker Zimmermann<\/title>\n<meta name=\"description\" content=\"Die Dorn-Breuss Methode ist eine sanfte Behandlung der Wirbels\u00e4ule, des R\u00fcckens und \/ oder der Gelenke. Mittels sanftem Druck werden Wirbel wieder an die richtige Stelle gedr\u00fcckt.\" \/>\n<meta name=\"robots\" content=\"index, follow, max-snippet:-1, max-image-preview:large, max-video-preview:-1\" \/>\n<link rel=\"canonical\" href=\"https:\/\/heilpraktiker-zimmermann.de\/web\/therapien-2\/dorn-breuss-wirbelsaeulentherapie\/\" \/>\n<meta property=\"og:locale\" content=\"de_DE\" \/>\n<meta property=\"og:type\" content=\"article\" \/>\n<meta property=\"og:title\" content=\"Dorn-Breuss-Wirbels\u00e4ulentherapie - Heilpraktiker Zimmermann\" \/>\n<meta property=\"og:description\" content=\"Die Dorn-Breuss Methode ist eine sanfte Behandlung der Wirbels\u00e4ule, des R\u00fcckens und \/ oder der Gelenke. Mittels sanftem Druck werden Wirbel wieder an die richtige Stelle gedr\u00fcckt.\" \/>\n<meta property=\"og:url\" content=\"https:\/\/heilpraktiker-zimmermann.de\/web\/therapien-2\/dorn-breuss-wirbelsaeulentherapie\/\" \/>\n<meta property=\"og:site_name\" content=\"Heilpraktiker Zimmermann\" \/>\n<meta property=\"article:publisher\" content=\"https:\/\/www.facebook.com\/profile.php?id=100067179100832\" \/>\n<meta property=\"article:modified_time\" content=\"2023-04-02T08:28:47+00:00\" \/>\n<meta property=\"og:image\" content=\"https:\/\/heilpraktiker-zimmermann.de\/web\/wp-content\/uploads\/2023\/03\/dorn-scaled.jpg\" \/>\n<meta name=\"twitter:card\" content=\"summary_large_image\" \/>\n<meta name=\"twitter:label1\" content=\"Gesch\u00e4tzte Lesezeit\" \/>\n\t<meta name=\"twitter:data1\" content=\"2\u00a0Minuten\" \/>\n<script type=\"application\/ld+json\" class=\"yoast-schema-graph\">{\"@context\":\"https:\\\/\\\/schema.org\",\"@graph\":[{\"@type\":\"WebPage\",\"@id\":\"https:\\\/\\\/heilpraktiker-zimmermann.de\\\/web\\\/therapien-2\\\/dorn-breuss-wirbelsaeulentherapie\\\/\",\"url\":\"https:\\\/\\\/heilpraktiker-zimmermann.de\\\/web\\\/therapien-2\\\/dorn-breuss-wirbelsaeulentherapie\\\/\",\"name\":\"Dorn-Breuss-Wirbels\u00e4ulentherapie - Heilpraktiker Zimmermann\",\"isPartOf\":{\"@id\":\"https:\\\/\\\/heilpraktiker-zimmermann.de\\\/web\\\/#website\"},\"primaryImageOfPage\":{\"@id\":\"https:\\\/\\\/heilpraktiker-zimmermann.de\\\/web\\\/therapien-2\\\/dorn-breuss-wirbelsaeulentherapie\\\/#primaryimage\"},\"image\":{\"@id\":\"https:\\\/\\\/heilpraktiker-zimmermann.de\\\/web\\\/therapien-2\\\/dorn-breuss-wirbelsaeulentherapie\\\/#primaryimage\"},\"thumbnailUrl\":\"https:\\\/\\\/heilpraktiker-zimmermann.de\\\/web\\\/wp-content\\\/uploads\\\/2023\\\/03\\\/dorn-scaled.jpg\",\"datePublished\":\"2023-02-07T13:51:54+00:00\",\"dateModified\":\"2023-04-02T08:28:47+00:00\",\"description\":\"Die Dorn-Breuss Methode ist eine sanfte Behandlung der Wirbels\u00e4ule, des R\u00fcckens und \\\/ oder der Gelenke. Mittels sanftem Druck werden Wirbel wieder an die richtige Stelle gedr\u00fcckt.\",\"breadcrumb\":{\"@id\":\"https:\\\/\\\/heilpraktiker-zimmermann.de\\\/web\\\/therapien-2\\\/dorn-breuss-wirbelsaeulentherapie\\\/#breadcrumb\"},\"inLanguage\":\"de\",\"potentialAction\":[{\"@type\":\"ReadAction\",\"target\":[\"https:\\\/\\\/heilpraktiker-zimmermann.de\\\/web\\\/therapien-2\\\/dorn-breuss-wirbelsaeulentherapie\\\/\"]}]},{\"@type\":\"ImageObject\",\"inLanguage\":\"de\",\"@id\":\"https:\\\/\\\/heilpraktiker-zimmermann.de\\\/web\\\/therapien-2\\\/dorn-breuss-wirbelsaeulentherapie\\\/#primaryimage\",\"url\":\"https:\\\/\\\/heilpraktiker-zimmermann.de\\\/web\\\/wp-content\\\/uploads\\\/2023\\\/03\\\/dorn-scaled.jpg\",\"contentUrl\":\"https:\\\/\\\/heilpraktiker-zimmermann.de\\\/web\\\/wp-content\\\/uploads\\\/2023\\\/03\\\/dorn-scaled.jpg\",\"width\":2560,\"height\":1707},{\"@type\":\"BreadcrumbList\",\"@id\":\"https:\\\/\\\/heilpraktiker-zimmermann.de\\\/web\\\/therapien-2\\\/dorn-breuss-wirbelsaeulentherapie\\\/#breadcrumb\",\"itemListElement\":[{\"@type\":\"ListItem\",\"position\":1,\"name\":\"Startseite\",\"item\":\"https:\\\/\\\/heilpraktiker-zimmermann.de\\\/web\\\/\"},{\"@type\":\"ListItem\",\"position\":2,\"name\":\"Therapien\",\"item\":\"https:\\\/\\\/heilpraktiker-zimmermann.de\\\/web\\\/therapien-2\\\/\"},{\"@type\":\"ListItem\",\"position\":3,\"name\":\"Dorn-Breuss-Wirbels\u00e4ulentherapie\"}]},{\"@type\":\"WebSite\",\"@id\":\"https:\\\/\\\/heilpraktiker-zimmermann.de\\\/web\\\/#website\",\"url\":\"https:\\\/\\\/heilpraktiker-zimmermann.de\\\/web\\\/\",\"name\":\"Heilpraktiker Zimmermann\",\"description\":\"Nat\u00fcrlich heilen.\",\"publisher\":{\"@id\":\"https:\\\/\\\/heilpraktiker-zimmermann.de\\\/web\\\/#organization\"},\"potentialAction\":[{\"@type\":\"SearchAction\",\"target\":{\"@type\":\"EntryPoint\",\"urlTemplate\":\"https:\\\/\\\/heilpraktiker-zimmermann.de\\\/web\\\/?s={search_term_string}\"},\"query-input\":{\"@type\":\"PropertyValueSpecification\",\"valueRequired\":true,\"valueName\":\"search_term_string\"}}],\"inLanguage\":\"de\"},{\"@type\":\"Organization\",\"@id\":\"https:\\\/\\\/heilpraktiker-zimmermann.de\\\/web\\\/#organization\",\"name\":\"Heilpraktiker Zimmermann\",\"url\":\"https:\\\/\\\/heilpraktiker-zimmermann.de\\\/web\\\/\",\"logo\":{\"@type\":\"ImageObject\",\"inLanguage\":\"de\",\"@id\":\"https:\\\/\\\/heilpraktiker-zimmermann.de\\\/web\\\/#\\\/schema\\\/logo\\\/image\\\/\",\"url\":\"https:\\\/\\\/heilpraktiker-zimmermann.de\\\/web\\\/wp-content\\\/uploads\\\/2023\\\/03\\\/praxis-60.jpg\",\"contentUrl\":\"https:\\\/\\\/heilpraktiker-zimmermann.de\\\/web\\\/wp-content\\\/uploads\\\/2023\\\/03\\\/praxis-60.jpg\",\"width\":410,\"height\":220,\"caption\":\"Heilpraktiker Zimmermann\"},\"image\":{\"@id\":\"https:\\\/\\\/heilpraktiker-zimmermann.de\\\/web\\\/#\\\/schema\\\/logo\\\/image\\\/\"},\"sameAs\":[\"https:\\\/\\\/www.facebook.com\\\/profile.php?id=100067179100832\"]}]}<\/script>\n<!-- \/ Yoast SEO plugin. -->","yoast_head_json":{"title":"Dorn-Breuss-Wirbels\u00e4ulentherapie - Heilpraktiker Zimmermann","description":"Die Dorn-Breuss Methode ist eine sanfte Behandlung der Wirbels\u00e4ule, des R\u00fcckens und \/ oder der Gelenke. Mittels sanftem Druck werden Wirbel wieder an die richtige Stelle gedr\u00fcckt.","robots":{"index":"index","follow":"follow","max-snippet":"max-snippet:-1","max-image-preview":"max-image-preview:large","max-video-preview":"max-video-preview:-1"},"canonical":"https:\/\/heilpraktiker-zimmermann.de\/web\/therapien-2\/dorn-breuss-wirbelsaeulentherapie\/","og_locale":"de_DE","og_type":"article","og_title":"Dorn-Breuss-Wirbels\u00e4ulentherapie - Heilpraktiker Zimmermann","og_description":"Die Dorn-Breuss Methode ist eine sanfte Behandlung der Wirbels\u00e4ule, des R\u00fcckens und \/ oder der Gelenke. Mittels sanftem Druck werden Wirbel wieder an die richtige Stelle gedr\u00fcckt.","og_url":"https:\/\/heilpraktiker-zimmermann.de\/web\/therapien-2\/dorn-breuss-wirbelsaeulentherapie\/","og_site_name":"Heilpraktiker Zimmermann","article_publisher":"https:\/\/www.facebook.com\/profile.php?id=100067179100832","article_modified_time":"2023-04-02T08:28:47+00:00","og_image":[{"url":"https:\/\/heilpraktiker-zimmermann.de\/web\/wp-content\/uploads\/2023\/03\/dorn-scaled.jpg","type":"","width":"","height":""}],"twitter_card":"summary_large_image","twitter_misc":{"Gesch\u00e4tzte Lesezeit":"2\u00a0Minuten"},"schema":{"@context":"https:\/\/schema.org","@graph":[{"@type":"WebPage","@id":"https:\/\/heilpraktiker-zimmermann.de\/web\/therapien-2\/dorn-breuss-wirbelsaeulentherapie\/","url":"https:\/\/heilpraktiker-zimmermann.de\/web\/therapien-2\/dorn-breuss-wirbelsaeulentherapie\/","name":"Dorn-Breuss-Wirbels\u00e4ulentherapie - Heilpraktiker Zimmermann","isPartOf":{"@id":"https:\/\/heilpraktiker-zimmermann.de\/web\/#website"},"primaryImageOfPage":{"@id":"https:\/\/heilpraktiker-zimmermann.de\/web\/therapien-2\/dorn-breuss-wirbelsaeulentherapie\/#primaryimage"},"image":{"@id":"https:\/\/heilpraktiker-zimmermann.de\/web\/therapien-2\/dorn-breuss-wirbelsaeulentherapie\/#primaryimage"},"thumbnailUrl":"https:\/\/heilpraktiker-zimmermann.de\/web\/wp-content\/uploads\/2023\/03\/dorn-scaled.jpg","datePublished":"2023-02-07T13:51:54+00:00","dateModified":"2023-04-02T08:28:47+00:00","description":"Die Dorn-Breuss Methode ist eine sanfte Behandlung der Wirbels\u00e4ule, des R\u00fcckens und \/ oder der Gelenke. Mittels sanftem Druck werden Wirbel wieder an die richtige Stelle gedr\u00fcckt.","breadcrumb":{"@id":"https:\/\/heilpraktiker-zimmermann.de\/web\/therapien-2\/dorn-breuss-wirbelsaeulentherapie\/#breadcrumb"},"inLanguage":"de","potentialAction":[{"@type":"ReadAction","target":["https:\/\/heilpraktiker-zimmermann.de\/web\/therapien-2\/dorn-breuss-wirbelsaeulentherapie\/"]}]},{"@type":"ImageObject","inLanguage":"de","@id":"https:\/\/heilpraktiker-zimmermann.de\/web\/therapien-2\/dorn-breuss-wirbelsaeulentherapie\/#primaryimage","url":"https:\/\/heilpraktiker-zimmermann.de\/web\/wp-content\/uploads\/2023\/03\/dorn-scaled.jpg","contentUrl":"https:\/\/heilpraktiker-zimmermann.de\/web\/wp-content\/uploads\/2023\/03\/dorn-scaled.jpg","width":2560,"height":1707},{"@type":"BreadcrumbList","@id":"https:\/\/heilpraktiker-zimmermann.de\/web\/therapien-2\/dorn-breuss-wirbelsaeulentherapie\/#breadcrumb","itemListElement":[{"@type":"ListItem","position":1,"name":"Startseite","item":"https:\/\/heilpraktiker-zimmermann.de\/web\/"},{"@type":"ListItem","position":2,"name":"Therapien","item":"https:\/\/heilpraktiker-zimmermann.de\/web\/therapien-2\/"},{"@type":"ListItem","position":3,"name":"Dorn-Breuss-Wirbels\u00e4ulentherapie"}]},{"@type":"WebSite","@id":"https:\/\/heilpraktiker-zimmermann.de\/web\/#website","url":"https:\/\/heilpraktiker-zimmermann.de\/web\/","name":"Heilpraktiker Zimmermann","description":"Nat\u00fcrlich heilen.","publisher":{"@id":"https:\/\/heilpraktiker-zimmermann.de\/web\/#organization"},"potentialAction":[{"@type":"SearchAction","target":{"@type":"EntryPoint","urlTemplate":"https:\/\/heilpraktiker-zimmermann.de\/web\/?s={search_term_string}"},"query-input":{"@type":"PropertyValueSpecification","valueRequired":true,"valueName":"search_term_string"}}],"inLanguage":"de"},{"@type":"Organization","@id":"https:\/\/heilpraktiker-zimmermann.de\/web\/#organization","name":"Heilpraktiker Zimmermann","url":"https:\/\/heilpraktiker-zimmermann.de\/web\/","logo":{"@type":"ImageObject","inLanguage":"de","@id":"https:\/\/heilpraktiker-zimmermann.de\/web\/#\/schema\/logo\/image\/","url":"https:\/\/heilpraktiker-zimmermann.de\/web\/wp-content\/uploads\/2023\/03\/praxis-60.jpg","contentUrl":"https:\/\/heilpraktiker-zimmermann.de\/web\/wp-content\/uploads\/2023\/03\/praxis-60.jpg","width":410,"height":220,"caption":"Heilpraktiker Zimmermann"},"image":{"@id":"https:\/\/heilpraktiker-zimmermann.de\/web\/#\/schema\/logo\/image\/"},"sameAs":["https:\/\/www.facebook.com\/profile.php?id=100067179100832"]}]}},"_links":{"self":[{"href":"https:\/\/heilpraktiker-zimmermann.de\/web\/wp-json\/wp\/v2\/pages\/79","targetHints":{"allow":["GET"]}}],"collection":[{"href":"https:\/\/heilpraktiker-zimmermann.de\/web\/wp-json\/wp\/v2\/pages"}],"about":[{"href":"https:\/\/heilpraktiker-zimmermann.de\/web\/wp-json\/wp\/v2\/types\/page"}],"author":[{"embeddable":true,"href":"https:\/\/heilpraktiker-zimmermann.de\/web\/wp-json\/wp\/v2\/users\/1"}],"replies":[{"embeddable":true,"href":"https:\/\/heilpraktiker-zimmermann.de\/web\/wp-json\/wp\/v2\/comments?post=79"}],"version-history":[{"count":23,"href":"https:\/\/heilpraktiker-zimmermann.de\/web\/wp-json\/wp\/v2\/pages\/79\/revisions"}],"predecessor-version":[{"id":774,"href":"https:\/\/heilpraktiker-zimmermann.de\/web\/wp-json\/wp\/v2\/pages\/79\/revisions\/774"}],"up":[{"embeddable":true,"href":"https:\/\/heilpraktiker-zimmermann.de\/web\/wp-json\/wp\/v2\/pages\/73"}],"wp:attachment":[{"href":"https:\/\/heilpraktiker-zimmermann.de\/web\/wp-json\/wp\/v2\/media?parent=79"}],"curies":[{"name":"wp","href":"https:\/\/api.w.org\/{rel}","templated":true}]}}