{"id":781,"date":"2023-04-02T10:25:50","date_gmt":"2023-04-02T08:25:50","guid":{"rendered":"https:\/\/heilpraktiker-zimmermann.de\/web\/?page_id=781"},"modified":"2023-04-04T16:12:12","modified_gmt":"2023-04-04T14:12:12","slug":"klassische-massage","status":"publish","type":"page","link":"https:\/\/heilpraktiker-zimmermann.de\/web\/therapien-2\/klassische-massage\/","title":{"rendered":"Klassische Massage"},"content":{"rendered":"\n<div class=\"wp-block-cover aligncenter is-light has-custom-content-position is-position-bottom-right has-small-font-size\" style=\"min-height:398px;aspect-ratio:unset;\"><span aria-hidden=\"true\" class=\"wp-block-cover__background has-background-dim-20 has-background-dim\"><\/span><img loading=\"lazy\" decoding=\"async\" width=\"2560\" height=\"1810\" class=\"wp-block-cover__image-background wp-image-819\" alt=\"\" src=\"https:\/\/heilpraktiker-zimmermann.de\/web\/wp-content\/uploads\/2023\/04\/massage-2768832-scaled.jpg\" style=\"object-position:54% 97%\" data-object-fit=\"cover\" data-object-position=\"54% 97%\" srcset=\"https:\/\/heilpraktiker-zimmermann.de\/web\/wp-content\/uploads\/2023\/04\/massage-2768832-scaled.jpg 2560w, https:\/\/heilpraktiker-zimmermann.de\/web\/wp-content\/uploads\/2023\/04\/massage-2768832-300x212.jpg 300w, https:\/\/heilpraktiker-zimmermann.de\/web\/wp-content\/uploads\/2023\/04\/massage-2768832-1024x724.jpg 1024w, https:\/\/heilpraktiker-zimmermann.de\/web\/wp-content\/uploads\/2023\/04\/massage-2768832-768x543.jpg 768w, https:\/\/heilpraktiker-zimmermann.de\/web\/wp-content\/uploads\/2023\/04\/massage-2768832-1536x1086.jpg 1536w, https:\/\/heilpraktiker-zimmermann.de\/web\/wp-content\/uploads\/2023\/04\/massage-2768832-2048x1448.jpg 2048w\" sizes=\"auto, (max-width: 2560px) 100vw, 2560px\" \/><div class=\"wp-block-cover__inner-container is-layout-flow wp-block-cover-is-layout-flow\">\n<figure class=\"wp-block-pullquote alignleft has-text-align-center is-style-default has-border-color has-nv-text-dark-bg-color has-text-color has-background has-small-font-size\" style=\"border-color:#ffffff;border-style:solid;border-width:2px;border-radius:15px;background-color:#7ab51d\"><blockquote><p><strong>\u201eWenn man auf seinen K\u00f6rper achtet, geht\u2019s auch dem Kopf besser.\u201c<\/strong><\/p><cite>Jil Sander, Modedesignerin<\/cite><\/blockquote><\/figure>\n<\/div><\/div>\n\n\n\n<div style=\"height:100px\" aria-hidden=\"true\" class=\"wp-block-spacer\"><\/div>\n\n\n\n<div class=\"wp-block-columns alignwide is-layout-flex wp-container-core-columns-is-layout-9d6595d7 wp-block-columns-is-layout-flex\">\n<div class=\"wp-block-column eqheight_own border_own is-layout-flow wp-block-column-is-layout-flow\" style=\"flex-basis:50%\">\n<h4 class=\"wp-block-heading\">Was ist das?<\/h4>\n\n\n\n<p class=\"has-medium-font-size\">Bei der klassischen Massage werden die betroffenen Hautregionen und die darunterliegende Muskulatur direkt mit der Hand massiert. Dabei werden f\u00fcnf unterschiedliche Handgriffe angewendet: Streichen der Haut, Kneten, Reiben, Klopfen und Vibrieren.<\/p>\n<\/div>\n\n\n\n<div class=\"wp-block-column is-vertically-aligned-top eqheight_own border_own is-layout-flow wp-block-column-is-layout-flow\" style=\"flex-basis:50%\">\n<h4 class=\"wp-block-heading\">Was bringt mir die klassische Massage?<\/h4>\n\n\n\n<p class=\"has-medium-font-size\">Die klassische Massage hat eine allgemein positive Wirkung auf den gesamten Organismus und f\u00f6rdert so das Wohlbefinden und die Entspannung des Patienten. Im Detail werden Haut- und Zellstoffwechsel, Blut- und Lymphstrom, sowie die Durchblutung der Muskulatur und die Bildung von Gelenksfl\u00fcssigkeit angeregt. <\/p>\n<\/div>\n<\/div>\n\n\n\n<div class=\"wp-block-group\"><div class=\"wp-block-group__inner-container is-layout-constrained wp-block-group-is-layout-constrained\">\n<div style=\"height:40px\" aria-hidden=\"true\" class=\"wp-block-spacer\"><\/div>\n\n\n\n<hr class=\"wp-block-separator has-text-color has-neve-link-hover-color-color has-alpha-channel-opacity has-neve-link-hover-color-background-color has-background is-style-wide\"\/>\n\n\n\n<div style=\"height:40px\" aria-hidden=\"true\" class=\"wp-block-spacer\"><\/div>\n<\/div><\/div>\n\n\n\n<div class=\"wp-block-columns alignwide is-layout-flex wp-container-core-columns-is-layout-9d6595d7 wp-block-columns-is-layout-flex\">\n<div class=\"wp-block-column eqheight2_own has-background is-layout-flow wp-block-column-is-layout-flow\" style=\"background-color:#7ab51d0f;flex-basis:50%\">\n<h4 class=\"wp-block-heading\">Sie haben&#8230;<\/h4>\n\n\n\n<div class=\"wp-block-group\"><div class=\"wp-block-group__inner-container is-layout-constrained wp-block-group-is-layout-constrained\">\n<div class=\"wp-block-group\"><div class=\"wp-block-group__inner-container is-layout-constrained wp-block-group-is-layout-constrained\">\n<h5 class=\"wp-block-heading has-nv-text-dark-bg-color has-neve-link-hover-color-background-color has-text-color has-background has-medium-font-size\" style=\"text-transform:none\">Kopf-, R\u00fccken-, Muskelschmerzen?<\/h5>\n\n\n\n<h5 class=\"wp-block-heading has-text-align-left has-nv-text-dark-bg-color has-neve-link-hover-color-background-color has-text-color has-background has-medium-font-size\" style=\"text-transform:none\">verschiedenste Bereiche des K\u00f6rpers, die verspannt oder verh\u00e4rtet sind?<\/h5>\n\n\n\n<h5 class=\"wp-block-heading has-text-align-left has-nv-text-dark-bg-color has-neve-link-hover-color-background-color has-text-color has-background has-medium-font-size\" style=\"text-transform:none\">das Gef\u00fchl, Sie sind gestresst und brauchen eine Auszeit?<\/h5>\n<\/div><\/div>\n<\/div><\/div>\n<\/div>\n\n\n\n<div class=\"wp-block-column is-vertically-aligned-top eqheight2_own has-background is-layout-flow wp-block-column-is-layout-flow\" style=\"background-color:#7ab51d0f;flex-basis:50%\">\n<h4 class=\"wp-block-heading\">Im Einklang mit K\u00f6rper, Geist und Seele<\/h4>\n\n\n\n<p class=\"has-medium-font-size\">Durch eine klassische Massage f\u00fchlt man sich nicht nur leichter und besser, sie kann auch etliche k\u00f6rperliche Beschwerden lindern oder sogar verschwinden lassen. <br>Eine&nbsp;Massage&nbsp;kann bei vielen Alltagsproblemen eine deutliche Verbesserung des Wohlbefindens bewirken und sehr&nbsp;sinnvoll&nbsp;sein. Dazu z\u00e4hlen insbesondere R\u00fcckenschmerzen, Verspannungen, beruflicher und emotionaler Stress, Kopfschmerzen, Migr\u00e4ne, Taubheitsgef\u00fchle und Verk\u00fcrzungen der Muskeln.<br>Aber auch einfach Mal seinem K\u00f6rper und seiner Seele etwas gutes zu tun ist ein guter Grund um einen Massagetermin zu buchen! <br>Ich biete 30-; 60- oder auch 90 Minuten &#8211; Massagen an. <\/p>\n<\/div>\n<\/div>\n","protected":false},"excerpt":{"rendered":"<p>Was ist das? Bei der klassischen Massage werden die betroffenen Hautregionen und die darunterliegende Muskulatur direkt mit der Hand massiert. Dabei werden f\u00fcnf unterschiedliche Handgriffe angewendet: Streichen der Haut, Kneten, Reiben, Klopfen und Vibrieren. Was bringt mir die klassische Massage? Die klassische Massage hat eine allgemein positive Wirkung auf den gesamten Organismus und f\u00f6rdert so&hellip;&nbsp;<a href=\"https:\/\/heilpraktiker-zimmermann.de\/web\/therapien-2\/klassische-massage\/\" rel=\"bookmark\">Weiterlesen &raquo;<span class=\"screen-reader-text\">Klassische Massage<\/span><\/a><\/p>\n","protected":false},"author":2,"featured_media":0,"parent":73,"menu_order":3,"comment_status":"closed","ping_status":"closed","template":"page-templates\/template-pagebuilder-full-width.php","meta":{"neve_meta_sidebar":"default","neve_meta_container":"contained","neve_meta_enable_content_width":"off","neve_meta_content_width":70,"neve_meta_title_alignment":"","neve_meta_author_avatar":"","neve_post_elements_order":"","neve_meta_disable_header":"","neve_meta_disable_footer":"","neve_meta_disable_title":"","footnotes":""},"class_list":["post-781","page","type-page","status-publish","hentry"],"yoast_head":"<!-- This site is optimized with the Yoast SEO plugin v27.4 - https:\/\/yoast.com\/product\/yoast-seo-wordpress\/ -->\n<title>Klassische Massage - Heilpraktiker Zimmermann<\/title>\n<meta name=\"description\" content=\"Eine Massage kann bei vielen Alltagsproblemen eine deutliche Verbesserung des Wohlbefindens bewirken und sehr sinnvoll sein. Dazu z\u00e4hlen insbesondere R\u00fcckenschmerzen, Verspannungen, beruflicher und emotionaler Stress, Kopfschmerzen, Migr\u00e4ne, Taubheitsgef\u00fchle und Verk\u00fcrzungen der Muskeln.\" \/>\n<meta name=\"robots\" content=\"index, follow, max-snippet:-1, max-image-preview:large, max-video-preview:-1\" \/>\n<link rel=\"canonical\" href=\"https:\/\/heilpraktiker-zimmermann.de\/web\/therapien-2\/klassische-massage\/\" \/>\n<meta property=\"og:locale\" content=\"de_DE\" \/>\n<meta property=\"og:type\" content=\"article\" \/>\n<meta property=\"og:title\" content=\"Klassische Massage - Heilpraktiker Zimmermann\" \/>\n<meta property=\"og:description\" content=\"Eine Massage kann bei vielen Alltagsproblemen eine deutliche Verbesserung des Wohlbefindens bewirken und sehr sinnvoll sein. Dazu z\u00e4hlen insbesondere R\u00fcckenschmerzen, Verspannungen, beruflicher und emotionaler Stress, Kopfschmerzen, Migr\u00e4ne, Taubheitsgef\u00fchle und Verk\u00fcrzungen der Muskeln.\" \/>\n<meta property=\"og:url\" content=\"https:\/\/heilpraktiker-zimmermann.de\/web\/therapien-2\/klassische-massage\/\" \/>\n<meta property=\"og:site_name\" content=\"Heilpraktiker Zimmermann\" \/>\n<meta property=\"article:publisher\" content=\"https:\/\/www.facebook.com\/profile.php?id=100067179100832\" \/>\n<meta property=\"article:modified_time\" content=\"2023-04-04T14:12:12+00:00\" \/>\n<meta property=\"og:image\" content=\"https:\/\/heilpraktiker-zimmermann.de\/web\/wp-content\/uploads\/2023\/04\/massage-2768832-scaled.jpg\" \/>\n<meta name=\"twitter:card\" content=\"summary_large_image\" \/>\n<meta name=\"twitter:label1\" content=\"Gesch\u00e4tzte Lesezeit\" \/>\n\t<meta name=\"twitter:data1\" content=\"2\u00a0Minuten\" \/>\n<script type=\"application\/ld+json\" class=\"yoast-schema-graph\">{\"@context\":\"https:\\\/\\\/schema.org\",\"@graph\":[{\"@type\":\"WebPage\",\"@id\":\"https:\\\/\\\/heilpraktiker-zimmermann.de\\\/web\\\/therapien-2\\\/klassische-massage\\\/\",\"url\":\"https:\\\/\\\/heilpraktiker-zimmermann.de\\\/web\\\/therapien-2\\\/klassische-massage\\\/\",\"name\":\"Klassische Massage - Heilpraktiker Zimmermann\",\"isPartOf\":{\"@id\":\"https:\\\/\\\/heilpraktiker-zimmermann.de\\\/web\\\/#website\"},\"primaryImageOfPage\":{\"@id\":\"https:\\\/\\\/heilpraktiker-zimmermann.de\\\/web\\\/therapien-2\\\/klassische-massage\\\/#primaryimage\"},\"image\":{\"@id\":\"https:\\\/\\\/heilpraktiker-zimmermann.de\\\/web\\\/therapien-2\\\/klassische-massage\\\/#primaryimage\"},\"thumbnailUrl\":\"https:\\\/\\\/heilpraktiker-zimmermann.de\\\/web\\\/wp-content\\\/uploads\\\/2023\\\/04\\\/massage-2768832-scaled.jpg\",\"datePublished\":\"2023-04-02T08:25:50+00:00\",\"dateModified\":\"2023-04-04T14:12:12+00:00\",\"description\":\"Eine Massage kann bei vielen Alltagsproblemen eine deutliche Verbesserung des Wohlbefindens bewirken und sehr sinnvoll sein. Dazu z\u00e4hlen insbesondere R\u00fcckenschmerzen, Verspannungen, beruflicher und emotionaler Stress, Kopfschmerzen, Migr\u00e4ne, Taubheitsgef\u00fchle und Verk\u00fcrzungen der Muskeln.\",\"breadcrumb\":{\"@id\":\"https:\\\/\\\/heilpraktiker-zimmermann.de\\\/web\\\/therapien-2\\\/klassische-massage\\\/#breadcrumb\"},\"inLanguage\":\"de\",\"potentialAction\":[{\"@type\":\"ReadAction\",\"target\":[\"https:\\\/\\\/heilpraktiker-zimmermann.de\\\/web\\\/therapien-2\\\/klassische-massage\\\/\"]}]},{\"@type\":\"ImageObject\",\"inLanguage\":\"de\",\"@id\":\"https:\\\/\\\/heilpraktiker-zimmermann.de\\\/web\\\/therapien-2\\\/klassische-massage\\\/#primaryimage\",\"url\":\"https:\\\/\\\/heilpraktiker-zimmermann.de\\\/web\\\/wp-content\\\/uploads\\\/2023\\\/04\\\/massage-2768832-scaled.jpg\",\"contentUrl\":\"https:\\\/\\\/heilpraktiker-zimmermann.de\\\/web\\\/wp-content\\\/uploads\\\/2023\\\/04\\\/massage-2768832-scaled.jpg\",\"width\":2560,\"height\":1810},{\"@type\":\"BreadcrumbList\",\"@id\":\"https:\\\/\\\/heilpraktiker-zimmermann.de\\\/web\\\/therapien-2\\\/klassische-massage\\\/#breadcrumb\",\"itemListElement\":[{\"@type\":\"ListItem\",\"position\":1,\"name\":\"Startseite\",\"item\":\"https:\\\/\\\/heilpraktiker-zimmermann.de\\\/web\\\/\"},{\"@type\":\"ListItem\",\"position\":2,\"name\":\"Therapien\",\"item\":\"https:\\\/\\\/heilpraktiker-zimmermann.de\\\/web\\\/therapien-2\\\/\"},{\"@type\":\"ListItem\",\"position\":3,\"name\":\"Klassische Massage\"}]},{\"@type\":\"WebSite\",\"@id\":\"https:\\\/\\\/heilpraktiker-zimmermann.de\\\/web\\\/#website\",\"url\":\"https:\\\/\\\/heilpraktiker-zimmermann.de\\\/web\\\/\",\"name\":\"Heilpraktiker Zimmermann\",\"description\":\"Nat\u00fcrlich heilen.\",\"publisher\":{\"@id\":\"https:\\\/\\\/heilpraktiker-zimmermann.de\\\/web\\\/#organization\"},\"potentialAction\":[{\"@type\":\"SearchAction\",\"target\":{\"@type\":\"EntryPoint\",\"urlTemplate\":\"https:\\\/\\\/heilpraktiker-zimmermann.de\\\/web\\\/?s={search_term_string}\"},\"query-input\":{\"@type\":\"PropertyValueSpecification\",\"valueRequired\":true,\"valueName\":\"search_term_string\"}}],\"inLanguage\":\"de\"},{\"@type\":\"Organization\",\"@id\":\"https:\\\/\\\/heilpraktiker-zimmermann.de\\\/web\\\/#organization\",\"name\":\"Heilpraktiker Zimmermann\",\"url\":\"https:\\\/\\\/heilpraktiker-zimmermann.de\\\/web\\\/\",\"logo\":{\"@type\":\"ImageObject\",\"inLanguage\":\"de\",\"@id\":\"https:\\\/\\\/heilpraktiker-zimmermann.de\\\/web\\\/#\\\/schema\\\/logo\\\/image\\\/\",\"url\":\"https:\\\/\\\/heilpraktiker-zimmermann.de\\\/web\\\/wp-content\\\/uploads\\\/2023\\\/03\\\/praxis-60.jpg\",\"contentUrl\":\"https:\\\/\\\/heilpraktiker-zimmermann.de\\\/web\\\/wp-content\\\/uploads\\\/2023\\\/03\\\/praxis-60.jpg\",\"width\":410,\"height\":220,\"caption\":\"Heilpraktiker Zimmermann\"},\"image\":{\"@id\":\"https:\\\/\\\/heilpraktiker-zimmermann.de\\\/web\\\/#\\\/schema\\\/logo\\\/image\\\/\"},\"sameAs\":[\"https:\\\/\\\/www.facebook.com\\\/profile.php?id=100067179100832\"]}]}<\/script>\n<!-- \/ Yoast SEO plugin. -->","yoast_head_json":{"title":"Klassische Massage - Heilpraktiker Zimmermann","description":"Eine Massage kann bei vielen Alltagsproblemen eine deutliche Verbesserung des Wohlbefindens bewirken und sehr sinnvoll sein. Dazu z\u00e4hlen insbesondere R\u00fcckenschmerzen, Verspannungen, beruflicher und emotionaler Stress, Kopfschmerzen, Migr\u00e4ne, Taubheitsgef\u00fchle und Verk\u00fcrzungen der Muskeln.","robots":{"index":"index","follow":"follow","max-snippet":"max-snippet:-1","max-image-preview":"max-image-preview:large","max-video-preview":"max-video-preview:-1"},"canonical":"https:\/\/heilpraktiker-zimmermann.de\/web\/therapien-2\/klassische-massage\/","og_locale":"de_DE","og_type":"article","og_title":"Klassische Massage - Heilpraktiker Zimmermann","og_description":"Eine Massage kann bei vielen Alltagsproblemen eine deutliche Verbesserung des Wohlbefindens bewirken und sehr sinnvoll sein. Dazu z\u00e4hlen insbesondere R\u00fcckenschmerzen, Verspannungen, beruflicher und emotionaler Stress, Kopfschmerzen, Migr\u00e4ne, Taubheitsgef\u00fchle und Verk\u00fcrzungen der Muskeln.","og_url":"https:\/\/heilpraktiker-zimmermann.de\/web\/therapien-2\/klassische-massage\/","og_site_name":"Heilpraktiker Zimmermann","article_publisher":"https:\/\/www.facebook.com\/profile.php?id=100067179100832","article_modified_time":"2023-04-04T14:12:12+00:00","og_image":[{"url":"https:\/\/heilpraktiker-zimmermann.de\/web\/wp-content\/uploads\/2023\/04\/massage-2768832-scaled.jpg","type":"","width":"","height":""}],"twitter_card":"summary_large_image","twitter_misc":{"Gesch\u00e4tzte Lesezeit":"2\u00a0Minuten"},"schema":{"@context":"https:\/\/schema.org","@graph":[{"@type":"WebPage","@id":"https:\/\/heilpraktiker-zimmermann.de\/web\/therapien-2\/klassische-massage\/","url":"https:\/\/heilpraktiker-zimmermann.de\/web\/therapien-2\/klassische-massage\/","name":"Klassische Massage - Heilpraktiker Zimmermann","isPartOf":{"@id":"https:\/\/heilpraktiker-zimmermann.de\/web\/#website"},"primaryImageOfPage":{"@id":"https:\/\/heilpraktiker-zimmermann.de\/web\/therapien-2\/klassische-massage\/#primaryimage"},"image":{"@id":"https:\/\/heilpraktiker-zimmermann.de\/web\/therapien-2\/klassische-massage\/#primaryimage"},"thumbnailUrl":"https:\/\/heilpraktiker-zimmermann.de\/web\/wp-content\/uploads\/2023\/04\/massage-2768832-scaled.jpg","datePublished":"2023-04-02T08:25:50+00:00","dateModified":"2023-04-04T14:12:12+00:00","description":"Eine Massage kann bei vielen Alltagsproblemen eine deutliche Verbesserung des Wohlbefindens bewirken und sehr sinnvoll sein. Dazu z\u00e4hlen insbesondere R\u00fcckenschmerzen, Verspannungen, beruflicher und emotionaler Stress, Kopfschmerzen, Migr\u00e4ne, Taubheitsgef\u00fchle und Verk\u00fcrzungen der Muskeln.","breadcrumb":{"@id":"https:\/\/heilpraktiker-zimmermann.de\/web\/therapien-2\/klassische-massage\/#breadcrumb"},"inLanguage":"de","potentialAction":[{"@type":"ReadAction","target":["https:\/\/heilpraktiker-zimmermann.de\/web\/therapien-2\/klassische-massage\/"]}]},{"@type":"ImageObject","inLanguage":"de","@id":"https:\/\/heilpraktiker-zimmermann.de\/web\/therapien-2\/klassische-massage\/#primaryimage","url":"https:\/\/heilpraktiker-zimmermann.de\/web\/wp-content\/uploads\/2023\/04\/massage-2768832-scaled.jpg","contentUrl":"https:\/\/heilpraktiker-zimmermann.de\/web\/wp-content\/uploads\/2023\/04\/massage-2768832-scaled.jpg","width":2560,"height":1810},{"@type":"BreadcrumbList","@id":"https:\/\/heilpraktiker-zimmermann.de\/web\/therapien-2\/klassische-massage\/#breadcrumb","itemListElement":[{"@type":"ListItem","position":1,"name":"Startseite","item":"https:\/\/heilpraktiker-zimmermann.de\/web\/"},{"@type":"ListItem","position":2,"name":"Therapien","item":"https:\/\/heilpraktiker-zimmermann.de\/web\/therapien-2\/"},{"@type":"ListItem","position":3,"name":"Klassische Massage"}]},{"@type":"WebSite","@id":"https:\/\/heilpraktiker-zimmermann.de\/web\/#website","url":"https:\/\/heilpraktiker-zimmermann.de\/web\/","name":"Heilpraktiker Zimmermann","description":"Nat\u00fcrlich heilen.","publisher":{"@id":"https:\/\/heilpraktiker-zimmermann.de\/web\/#organization"},"potentialAction":[{"@type":"SearchAction","target":{"@type":"EntryPoint","urlTemplate":"https:\/\/heilpraktiker-zimmermann.de\/web\/?s={search_term_string}"},"query-input":{"@type":"PropertyValueSpecification","valueRequired":true,"valueName":"search_term_string"}}],"inLanguage":"de"},{"@type":"Organization","@id":"https:\/\/heilpraktiker-zimmermann.de\/web\/#organization","name":"Heilpraktiker Zimmermann","url":"https:\/\/heilpraktiker-zimmermann.de\/web\/","logo":{"@type":"ImageObject","inLanguage":"de","@id":"https:\/\/heilpraktiker-zimmermann.de\/web\/#\/schema\/logo\/image\/","url":"https:\/\/heilpraktiker-zimmermann.de\/web\/wp-content\/uploads\/2023\/03\/praxis-60.jpg","contentUrl":"https:\/\/heilpraktiker-zimmermann.de\/web\/wp-content\/uploads\/2023\/03\/praxis-60.jpg","width":410,"height":220,"caption":"Heilpraktiker Zimmermann"},"image":{"@id":"https:\/\/heilpraktiker-zimmermann.de\/web\/#\/schema\/logo\/image\/"},"sameAs":["https:\/\/www.facebook.com\/profile.php?id=100067179100832"]}]}},"_links":{"self":[{"href":"https:\/\/heilpraktiker-zimmermann.de\/web\/wp-json\/wp\/v2\/pages\/781","targetHints":{"allow":["GET"]}}],"collection":[{"href":"https:\/\/heilpraktiker-zimmermann.de\/web\/wp-json\/wp\/v2\/pages"}],"about":[{"href":"https:\/\/heilpraktiker-zimmermann.de\/web\/wp-json\/wp\/v2\/types\/page"}],"author":[{"embeddable":true,"href":"https:\/\/heilpraktiker-zimmermann.de\/web\/wp-json\/wp\/v2\/users\/2"}],"replies":[{"embeddable":true,"href":"https:\/\/heilpraktiker-zimmermann.de\/web\/wp-json\/wp\/v2\/comments?post=781"}],"version-history":[{"count":5,"href":"https:\/\/heilpraktiker-zimmermann.de\/web\/wp-json\/wp\/v2\/pages\/781\/revisions"}],"predecessor-version":[{"id":826,"href":"https:\/\/heilpraktiker-zimmermann.de\/web\/wp-json\/wp\/v2\/pages\/781\/revisions\/826"}],"up":[{"embeddable":true,"href":"https:\/\/heilpraktiker-zimmermann.de\/web\/wp-json\/wp\/v2\/pages\/73"}],"wp:attachment":[{"href":"https:\/\/heilpraktiker-zimmermann.de\/web\/wp-json\/wp\/v2\/media?parent=781"}],"curies":[{"name":"wp","href":"https:\/\/api.w.org\/{rel}","templated":true}]}}