{"id":76,"date":"2023-02-07T14:50:49","date_gmt":"2023-02-07T13:50:49","guid":{"rendered":"https:\/\/heilpraktiker-zimmermann.de\/web\/?page_id=76"},"modified":"2023-04-02T15:41:54","modified_gmt":"2023-04-02T13:41:54","slug":"klassische-homoeopathie","status":"publish","type":"page","link":"https:\/\/heilpraktiker-zimmermann.de\/web\/therapien-2\/klassische-homoeopathie\/","title":{"rendered":"Klassische Hom\u00f6opathie"},"content":{"rendered":"\n<div class=\"wp-block-cover aligncenter is-light has-custom-content-position is-position-top-left has-small-font-size\"><span aria-hidden=\"true\" class=\"wp-block-cover__background has-background-dim-20 has-background-dim\"><\/span><img loading=\"lazy\" decoding=\"async\" width=\"2560\" height=\"1269\" class=\"wp-block-cover__image-background wp-image-522\" alt=\"\" src=\"https:\/\/heilpraktiker-zimmermann.de\/web\/wp-content\/uploads\/2023\/03\/homoeopathie-scaled.jpg\" data-object-fit=\"cover\" srcset=\"https:\/\/heilpraktiker-zimmermann.de\/web\/wp-content\/uploads\/2023\/03\/homoeopathie-scaled.jpg 2560w, https:\/\/heilpraktiker-zimmermann.de\/web\/wp-content\/uploads\/2023\/03\/homoeopathie-300x149.jpg 300w, https:\/\/heilpraktiker-zimmermann.de\/web\/wp-content\/uploads\/2023\/03\/homoeopathie-1024x508.jpg 1024w, https:\/\/heilpraktiker-zimmermann.de\/web\/wp-content\/uploads\/2023\/03\/homoeopathie-768x381.jpg 768w, https:\/\/heilpraktiker-zimmermann.de\/web\/wp-content\/uploads\/2023\/03\/homoeopathie-1536x762.jpg 1536w, https:\/\/heilpraktiker-zimmermann.de\/web\/wp-content\/uploads\/2023\/03\/homoeopathie-2048x1015.jpg 2048w\" sizes=\"auto, (max-width: 2560px) 100vw, 2560px\" \/><div class=\"wp-block-cover__inner-container is-layout-flow wp-block-cover-is-layout-flow\">\n<figure class=\"wp-block-pullquote alignleft has-text-align-center is-style-default has-border-color has-nv-text-dark-bg-color has-text-color has-background has-small-font-size\" style=\"border-color:#ffffff;border-style:solid;border-width:2px;border-radius:15px;background-color:#7ab51d\"><blockquote><p><strong>&#8222;Die Natur ist die beste Apotheke.&#8220;<\/strong><\/p><cite>Sebastian Kneipp, bayerischer Priester und Hydrotherapeut<\/cite><\/blockquote><\/figure>\n<\/div><\/div>\n\n\n\n<div style=\"height:100px\" aria-hidden=\"true\" class=\"wp-block-spacer\"><\/div>\n\n\n\n<div class=\"wp-block-media-text alignwide is-stacked-on-mobile is-vertically-aligned-center\" style=\"grid-template-columns:25% auto\"><figure class=\"wp-block-media-text__media\"><img loading=\"lazy\" decoding=\"async\" width=\"1024\" height=\"683\" src=\"https:\/\/heilpraktiker-zimmermann.de\/web\/wp-content\/uploads\/2023\/02\/globules-1024x683.jpg\" alt=\"\" class=\"wp-image-396 size-full\" srcset=\"https:\/\/heilpraktiker-zimmermann.de\/web\/wp-content\/uploads\/2023\/02\/globules-1024x683.jpg 1024w, https:\/\/heilpraktiker-zimmermann.de\/web\/wp-content\/uploads\/2023\/02\/globules-300x200.jpg 300w, https:\/\/heilpraktiker-zimmermann.de\/web\/wp-content\/uploads\/2023\/02\/globules-768x512.jpg 768w, https:\/\/heilpraktiker-zimmermann.de\/web\/wp-content\/uploads\/2023\/02\/globules-1536x1024.jpg 1536w, https:\/\/heilpraktiker-zimmermann.de\/web\/wp-content\/uploads\/2023\/02\/globules-930x620.jpg 930w, https:\/\/heilpraktiker-zimmermann.de\/web\/wp-content\/uploads\/2023\/02\/globules.jpg 1920w\" sizes=\"auto, (max-width: 1024px) 100vw, 1024px\" \/><\/figure><div class=\"wp-block-media-text__content\">\n<h2 class=\"wp-block-heading\">Was ist Hom\u00f6opathie?<\/h2>\n\n\n\n<p>Die Homo\u0308opathie ist eine Reiz- und Regulationstherapie. Im Ko\u0308rper wird durch das passende homo\u0308opathische Mittel ein Reiz gesetzt, der die Selbstheilungskra\u0308fte aktiviert und dem Ko\u0308rper hilft aus eigener Kraft gesund zu werden.<\/p>\n<\/div><\/div>\n\n\n\n<div style=\"height:40px\" aria-hidden=\"true\" class=\"wp-block-spacer\"><\/div>\n\n\n\n<hr class=\"wp-block-separator has-text-color has-neve-link-hover-color-color has-alpha-channel-opacity has-neve-link-hover-color-background-color has-background is-style-wide\"\/>\n\n\n\n<div style=\"height:40px\" aria-hidden=\"true\" class=\"wp-block-spacer\"><\/div>\n\n\n\n<div class=\"wp-block-columns alignwide is-layout-flex wp-container-core-columns-is-layout-9d6595d7 wp-block-columns-is-layout-flex\">\n<div class=\"wp-block-column eqheight_own has-background is-layout-flow wp-block-column-is-layout-flow\" style=\"background-color:#7ab51d0f;flex-basis:65%\">\n<h4 class=\"wp-block-heading\">Hom\u00f6opathie&#8230;<\/h4>\n\n\n\n<div class=\"wp-block-group\"><div class=\"wp-block-group__inner-container is-layout-constrained wp-block-group-is-layout-constrained\">\n<div class=\"wp-block-group\"><div class=\"wp-block-group__inner-container is-layout-constrained wp-block-group-is-layout-constrained\">\n<h5 class=\"wp-block-heading has-nv-text-dark-bg-color has-neve-link-hover-color-background-color has-text-color has-background\" style=\"text-transform:none\">ist frei von Nebenwirkungen<\/h5>\n<\/div><\/div>\n\n\n\n<div class=\"wp-block-group\"><div class=\"wp-block-group__inner-container is-layout-constrained wp-block-group-is-layout-constrained\">\n<h5 class=\"wp-block-heading has-text-align-left has-nv-text-dark-bg-color has-neve-link-hover-color-background-color has-text-color has-background\" style=\"text-transform:none\">betrachtet den Menschen im Gesamten<\/h5>\n<\/div><\/div>\n\n\n\n<h5 class=\"wp-block-heading has-text-align-left has-nv-text-dark-bg-color has-neve-link-hover-color-background-color has-text-color has-background\" style=\"text-transform:none\">hilft bei akuten, wie auch chronischen Beschwerden aller Art, sowohl auf k\u00f6rperlicher, wie auch auf psychischer Ebene<\/h5>\n<\/div><\/div>\n<\/div>\n\n\n\n<div class=\"wp-block-column is-vertically-aligned-top eqheight_own has-background is-layout-flow wp-block-column-is-layout-flow\" style=\"background-color:#7ab51d0f;flex-basis:35%\">\n<h4 class=\"wp-block-heading\">Philosophie<\/h4>\n\n\n\n<p>Das A\u0308hnlichkeitsprinzip ist die Grundlage der Homo\u0308opathie \u2013 es sagt aus, dass beim Gesunden durch eine bestimmte Substanz Symptome hervorgerufen werden, die sie beim Kranken zu heilen vermag. Durch ein ausfu\u0308hrliches Gespra\u0308ch in der Praxis werden die seelischen, psychischen und ko\u0308rperlichen Symptome des Menschen individuell erfasst und auf das jeweils passende Mittel u\u0308bertragen.<\/p>\n<\/div>\n<\/div>\n\n\n\n<div style=\"height:40px\" aria-hidden=\"true\" class=\"wp-block-spacer\"><\/div>\n\n\n\n<hr class=\"wp-block-separator has-text-color has-neve-link-hover-color-color has-alpha-channel-opacity has-neve-link-hover-color-background-color has-background is-style-wide\"\/>\n\n\n\n<div style=\"height:40px\" aria-hidden=\"true\" class=\"wp-block-spacer\"><\/div>\n\n\n\n<div class=\"wp-block-media-text alignwide has-media-on-the-right is-stacked-on-mobile is-vertically-aligned-center\" style=\"grid-template-columns:auto 25%\"><div class=\"wp-block-media-text__content\">\n<blockquote class=\"wp-block-quote is-layout-flow wp-block-quote-is-layout-flow\">\n<p>&#8222;W\u00e4hle, um sanft, schnell, gewi\u00df und dauerhaft zu heilen, in jedem Krankheitsfall eine Arznei, welche ein \u00e4hnliches Leiden erregen kann als sie heilen soll.&#8220;<\/p>\n<cite><em>Samuel Hahnemann, dt. Arzt und Begr\u00fcnder der Hom\u00f6opathie<\/em><\/cite><\/blockquote>\n\n\n\n<div class=\"wp-block-buttons is-layout-flex wp-block-buttons-is-layout-flex\"><\/div>\n<\/div><figure class=\"wp-block-media-text__media\"><img loading=\"lazy\" decoding=\"async\" width=\"1024\" height=\"965\" src=\"https:\/\/heilpraktiker-zimmermann.de\/web\/wp-content\/uploads\/2023\/02\/hahnemann-e1675972075329-1024x965.jpg\" alt=\"\" class=\"wp-image-424 size-full\" srcset=\"https:\/\/heilpraktiker-zimmermann.de\/web\/wp-content\/uploads\/2023\/02\/hahnemann-e1675972075329-1024x965.jpg 1024w, https:\/\/heilpraktiker-zimmermann.de\/web\/wp-content\/uploads\/2023\/02\/hahnemann-e1675972075329-300x283.jpg 300w, https:\/\/heilpraktiker-zimmermann.de\/web\/wp-content\/uploads\/2023\/02\/hahnemann-e1675972075329-768x724.jpg 768w, https:\/\/heilpraktiker-zimmermann.de\/web\/wp-content\/uploads\/2023\/02\/hahnemann-e1675972075329.jpg 1505w\" sizes=\"auto, (max-width: 1024px) 100vw, 1024px\" \/><\/figure><\/div>\n","protected":false},"excerpt":{"rendered":"<p>Was ist Hom\u00f6opathie? Die Homo\u0308opathie ist eine Reiz- und Regulationstherapie. Im Ko\u0308rper wird durch das passende homo\u0308opathische Mittel ein Reiz gesetzt, der die Selbstheilungskra\u0308fte aktiviert und dem Ko\u0308rper hilft aus eigener Kraft gesund zu werden. Hom\u00f6opathie&#8230; ist frei von Nebenwirkungen betrachtet den Menschen im Gesamten hilft bei akuten, wie auch chronischen Beschwerden aller Art, sowohl&hellip;&nbsp;<a href=\"https:\/\/heilpraktiker-zimmermann.de\/web\/therapien-2\/klassische-homoeopathie\/\" rel=\"bookmark\">Weiterlesen &raquo;<span class=\"screen-reader-text\">Klassische Hom\u00f6opathie<\/span><\/a><\/p>\n","protected":false},"author":1,"featured_media":0,"parent":73,"menu_order":5,"comment_status":"closed","ping_status":"closed","template":"page-templates\/template-pagebuilder-full-width.php","meta":{"neve_meta_sidebar":"","neve_meta_container":"","neve_meta_enable_content_width":"","neve_meta_content_width":0,"neve_meta_title_alignment":"","neve_meta_author_avatar":"","neve_post_elements_order":"","neve_meta_disable_header":"","neve_meta_disable_footer":"","neve_meta_disable_title":"","footnotes":""},"class_list":["post-76","page","type-page","status-publish","hentry"],"yoast_head":"<!-- This site is optimized with the Yoast SEO plugin v27.4 - https:\/\/yoast.com\/product\/yoast-seo-wordpress\/ -->\n<title>Klassische Hom\u00f6opathie - Heilpraktiker Zimmermann<\/title>\n<meta name=\"description\" content=\"Klassische Hom\u00f6opathie betrachtet den Menschen in seiner Gesamtheit und nicht nur 1 Symptom. Eine ausf\u00fchrliche Anamnese entscheidet \u00fcber die Wahl des hom\u00f6opathischen Mittels.\" \/>\n<meta name=\"robots\" content=\"index, follow, max-snippet:-1, max-image-preview:large, max-video-preview:-1\" \/>\n<link rel=\"canonical\" href=\"https:\/\/heilpraktiker-zimmermann.de\/web\/therapien-2\/klassische-homoeopathie\/\" \/>\n<meta property=\"og:locale\" content=\"de_DE\" \/>\n<meta property=\"og:type\" content=\"article\" \/>\n<meta property=\"og:title\" content=\"Klassische Hom\u00f6opathie - Heilpraktiker Zimmermann\" \/>\n<meta property=\"og:description\" content=\"Klassische Hom\u00f6opathie betrachtet den Menschen in seiner Gesamtheit und nicht nur 1 Symptom. Eine ausf\u00fchrliche Anamnese entscheidet \u00fcber die Wahl des hom\u00f6opathischen Mittels.\" \/>\n<meta property=\"og:url\" content=\"https:\/\/heilpraktiker-zimmermann.de\/web\/therapien-2\/klassische-homoeopathie\/\" \/>\n<meta property=\"og:site_name\" content=\"Heilpraktiker Zimmermann\" \/>\n<meta property=\"article:publisher\" content=\"https:\/\/www.facebook.com\/profile.php?id=100067179100832\" \/>\n<meta property=\"article:modified_time\" content=\"2023-04-02T13:41:54+00:00\" \/>\n<meta property=\"og:image\" content=\"https:\/\/heilpraktiker-zimmermann.de\/web\/wp-content\/uploads\/2023\/03\/homoeopathie-scaled.jpg\" \/>\n<meta name=\"twitter:card\" content=\"summary_large_image\" \/>\n<meta name=\"twitter:label1\" content=\"Gesch\u00e4tzte Lesezeit\" \/>\n\t<meta name=\"twitter:data1\" content=\"2\u00a0Minuten\" \/>\n<script type=\"application\/ld+json\" class=\"yoast-schema-graph\">{\"@context\":\"https:\\\/\\\/schema.org\",\"@graph\":[{\"@type\":\"WebPage\",\"@id\":\"https:\\\/\\\/heilpraktiker-zimmermann.de\\\/web\\\/therapien-2\\\/klassische-homoeopathie\\\/\",\"url\":\"https:\\\/\\\/heilpraktiker-zimmermann.de\\\/web\\\/therapien-2\\\/klassische-homoeopathie\\\/\",\"name\":\"Klassische Hom\u00f6opathie - Heilpraktiker Zimmermann\",\"isPartOf\":{\"@id\":\"https:\\\/\\\/heilpraktiker-zimmermann.de\\\/web\\\/#website\"},\"primaryImageOfPage\":{\"@id\":\"https:\\\/\\\/heilpraktiker-zimmermann.de\\\/web\\\/therapien-2\\\/klassische-homoeopathie\\\/#primaryimage\"},\"image\":{\"@id\":\"https:\\\/\\\/heilpraktiker-zimmermann.de\\\/web\\\/therapien-2\\\/klassische-homoeopathie\\\/#primaryimage\"},\"thumbnailUrl\":\"https:\\\/\\\/heilpraktiker-zimmermann.de\\\/web\\\/wp-content\\\/uploads\\\/2023\\\/03\\\/homoeopathie-scaled.jpg\",\"datePublished\":\"2023-02-07T13:50:49+00:00\",\"dateModified\":\"2023-04-02T13:41:54+00:00\",\"description\":\"Klassische Hom\u00f6opathie betrachtet den Menschen in seiner Gesamtheit und nicht nur 1 Symptom. Eine ausf\u00fchrliche Anamnese entscheidet \u00fcber die Wahl des hom\u00f6opathischen Mittels.\",\"breadcrumb\":{\"@id\":\"https:\\\/\\\/heilpraktiker-zimmermann.de\\\/web\\\/therapien-2\\\/klassische-homoeopathie\\\/#breadcrumb\"},\"inLanguage\":\"de\",\"potentialAction\":[{\"@type\":\"ReadAction\",\"target\":[\"https:\\\/\\\/heilpraktiker-zimmermann.de\\\/web\\\/therapien-2\\\/klassische-homoeopathie\\\/\"]}]},{\"@type\":\"ImageObject\",\"inLanguage\":\"de\",\"@id\":\"https:\\\/\\\/heilpraktiker-zimmermann.de\\\/web\\\/therapien-2\\\/klassische-homoeopathie\\\/#primaryimage\",\"url\":\"https:\\\/\\\/heilpraktiker-zimmermann.de\\\/web\\\/wp-content\\\/uploads\\\/2023\\\/03\\\/homoeopathie-scaled.jpg\",\"contentUrl\":\"https:\\\/\\\/heilpraktiker-zimmermann.de\\\/web\\\/wp-content\\\/uploads\\\/2023\\\/03\\\/homoeopathie-scaled.jpg\",\"width\":2560,\"height\":1269},{\"@type\":\"BreadcrumbList\",\"@id\":\"https:\\\/\\\/heilpraktiker-zimmermann.de\\\/web\\\/therapien-2\\\/klassische-homoeopathie\\\/#breadcrumb\",\"itemListElement\":[{\"@type\":\"ListItem\",\"position\":1,\"name\":\"Startseite\",\"item\":\"https:\\\/\\\/heilpraktiker-zimmermann.de\\\/web\\\/\"},{\"@type\":\"ListItem\",\"position\":2,\"name\":\"Therapien\",\"item\":\"https:\\\/\\\/heilpraktiker-zimmermann.de\\\/web\\\/therapien-2\\\/\"},{\"@type\":\"ListItem\",\"position\":3,\"name\":\"Klassische Hom\u00f6opathie\"}]},{\"@type\":\"WebSite\",\"@id\":\"https:\\\/\\\/heilpraktiker-zimmermann.de\\\/web\\\/#website\",\"url\":\"https:\\\/\\\/heilpraktiker-zimmermann.de\\\/web\\\/\",\"name\":\"Heilpraktiker Zimmermann\",\"description\":\"Nat\u00fcrlich heilen.\",\"publisher\":{\"@id\":\"https:\\\/\\\/heilpraktiker-zimmermann.de\\\/web\\\/#organization\"},\"potentialAction\":[{\"@type\":\"SearchAction\",\"target\":{\"@type\":\"EntryPoint\",\"urlTemplate\":\"https:\\\/\\\/heilpraktiker-zimmermann.de\\\/web\\\/?s={search_term_string}\"},\"query-input\":{\"@type\":\"PropertyValueSpecification\",\"valueRequired\":true,\"valueName\":\"search_term_string\"}}],\"inLanguage\":\"de\"},{\"@type\":\"Organization\",\"@id\":\"https:\\\/\\\/heilpraktiker-zimmermann.de\\\/web\\\/#organization\",\"name\":\"Heilpraktiker Zimmermann\",\"url\":\"https:\\\/\\\/heilpraktiker-zimmermann.de\\\/web\\\/\",\"logo\":{\"@type\":\"ImageObject\",\"inLanguage\":\"de\",\"@id\":\"https:\\\/\\\/heilpraktiker-zimmermann.de\\\/web\\\/#\\\/schema\\\/logo\\\/image\\\/\",\"url\":\"https:\\\/\\\/heilpraktiker-zimmermann.de\\\/web\\\/wp-content\\\/uploads\\\/2023\\\/03\\\/praxis-60.jpg\",\"contentUrl\":\"https:\\\/\\\/heilpraktiker-zimmermann.de\\\/web\\\/wp-content\\\/uploads\\\/2023\\\/03\\\/praxis-60.jpg\",\"width\":410,\"height\":220,\"caption\":\"Heilpraktiker Zimmermann\"},\"image\":{\"@id\":\"https:\\\/\\\/heilpraktiker-zimmermann.de\\\/web\\\/#\\\/schema\\\/logo\\\/image\\\/\"},\"sameAs\":[\"https:\\\/\\\/www.facebook.com\\\/profile.php?id=100067179100832\"]}]}<\/script>\n<!-- \/ Yoast SEO plugin. -->","yoast_head_json":{"title":"Klassische Hom\u00f6opathie - Heilpraktiker Zimmermann","description":"Klassische Hom\u00f6opathie betrachtet den Menschen in seiner Gesamtheit und nicht nur 1 Symptom. Eine ausf\u00fchrliche Anamnese entscheidet \u00fcber die Wahl des hom\u00f6opathischen Mittels.","robots":{"index":"index","follow":"follow","max-snippet":"max-snippet:-1","max-image-preview":"max-image-preview:large","max-video-preview":"max-video-preview:-1"},"canonical":"https:\/\/heilpraktiker-zimmermann.de\/web\/therapien-2\/klassische-homoeopathie\/","og_locale":"de_DE","og_type":"article","og_title":"Klassische Hom\u00f6opathie - Heilpraktiker Zimmermann","og_description":"Klassische Hom\u00f6opathie betrachtet den Menschen in seiner Gesamtheit und nicht nur 1 Symptom. Eine ausf\u00fchrliche Anamnese entscheidet \u00fcber die Wahl des hom\u00f6opathischen Mittels.","og_url":"https:\/\/heilpraktiker-zimmermann.de\/web\/therapien-2\/klassische-homoeopathie\/","og_site_name":"Heilpraktiker Zimmermann","article_publisher":"https:\/\/www.facebook.com\/profile.php?id=100067179100832","article_modified_time":"2023-04-02T13:41:54+00:00","og_image":[{"url":"https:\/\/heilpraktiker-zimmermann.de\/web\/wp-content\/uploads\/2023\/03\/homoeopathie-scaled.jpg","type":"","width":"","height":""}],"twitter_card":"summary_large_image","twitter_misc":{"Gesch\u00e4tzte Lesezeit":"2\u00a0Minuten"},"schema":{"@context":"https:\/\/schema.org","@graph":[{"@type":"WebPage","@id":"https:\/\/heilpraktiker-zimmermann.de\/web\/therapien-2\/klassische-homoeopathie\/","url":"https:\/\/heilpraktiker-zimmermann.de\/web\/therapien-2\/klassische-homoeopathie\/","name":"Klassische Hom\u00f6opathie - Heilpraktiker Zimmermann","isPartOf":{"@id":"https:\/\/heilpraktiker-zimmermann.de\/web\/#website"},"primaryImageOfPage":{"@id":"https:\/\/heilpraktiker-zimmermann.de\/web\/therapien-2\/klassische-homoeopathie\/#primaryimage"},"image":{"@id":"https:\/\/heilpraktiker-zimmermann.de\/web\/therapien-2\/klassische-homoeopathie\/#primaryimage"},"thumbnailUrl":"https:\/\/heilpraktiker-zimmermann.de\/web\/wp-content\/uploads\/2023\/03\/homoeopathie-scaled.jpg","datePublished":"2023-02-07T13:50:49+00:00","dateModified":"2023-04-02T13:41:54+00:00","description":"Klassische Hom\u00f6opathie betrachtet den Menschen in seiner Gesamtheit und nicht nur 1 Symptom. Eine ausf\u00fchrliche Anamnese entscheidet \u00fcber die Wahl des hom\u00f6opathischen Mittels.","breadcrumb":{"@id":"https:\/\/heilpraktiker-zimmermann.de\/web\/therapien-2\/klassische-homoeopathie\/#breadcrumb"},"inLanguage":"de","potentialAction":[{"@type":"ReadAction","target":["https:\/\/heilpraktiker-zimmermann.de\/web\/therapien-2\/klassische-homoeopathie\/"]}]},{"@type":"ImageObject","inLanguage":"de","@id":"https:\/\/heilpraktiker-zimmermann.de\/web\/therapien-2\/klassische-homoeopathie\/#primaryimage","url":"https:\/\/heilpraktiker-zimmermann.de\/web\/wp-content\/uploads\/2023\/03\/homoeopathie-scaled.jpg","contentUrl":"https:\/\/heilpraktiker-zimmermann.de\/web\/wp-content\/uploads\/2023\/03\/homoeopathie-scaled.jpg","width":2560,"height":1269},{"@type":"BreadcrumbList","@id":"https:\/\/heilpraktiker-zimmermann.de\/web\/therapien-2\/klassische-homoeopathie\/#breadcrumb","itemListElement":[{"@type":"ListItem","position":1,"name":"Startseite","item":"https:\/\/heilpraktiker-zimmermann.de\/web\/"},{"@type":"ListItem","position":2,"name":"Therapien","item":"https:\/\/heilpraktiker-zimmermann.de\/web\/therapien-2\/"},{"@type":"ListItem","position":3,"name":"Klassische Hom\u00f6opathie"}]},{"@type":"WebSite","@id":"https:\/\/heilpraktiker-zimmermann.de\/web\/#website","url":"https:\/\/heilpraktiker-zimmermann.de\/web\/","name":"Heilpraktiker Zimmermann","description":"Nat\u00fcrlich heilen.","publisher":{"@id":"https:\/\/heilpraktiker-zimmermann.de\/web\/#organization"},"potentialAction":[{"@type":"SearchAction","target":{"@type":"EntryPoint","urlTemplate":"https:\/\/heilpraktiker-zimmermann.de\/web\/?s={search_term_string}"},"query-input":{"@type":"PropertyValueSpecification","valueRequired":true,"valueName":"search_term_string"}}],"inLanguage":"de"},{"@type":"Organization","@id":"https:\/\/heilpraktiker-zimmermann.de\/web\/#organization","name":"Heilpraktiker Zimmermann","url":"https:\/\/heilpraktiker-zimmermann.de\/web\/","logo":{"@type":"ImageObject","inLanguage":"de","@id":"https:\/\/heilpraktiker-zimmermann.de\/web\/#\/schema\/logo\/image\/","url":"https:\/\/heilpraktiker-zimmermann.de\/web\/wp-content\/uploads\/2023\/03\/praxis-60.jpg","contentUrl":"https:\/\/heilpraktiker-zimmermann.de\/web\/wp-content\/uploads\/2023\/03\/praxis-60.jpg","width":410,"height":220,"caption":"Heilpraktiker Zimmermann"},"image":{"@id":"https:\/\/heilpraktiker-zimmermann.de\/web\/#\/schema\/logo\/image\/"},"sameAs":["https:\/\/www.facebook.com\/profile.php?id=100067179100832"]}]}},"_links":{"self":[{"href":"https:\/\/heilpraktiker-zimmermann.de\/web\/wp-json\/wp\/v2\/pages\/76","targetHints":{"allow":["GET"]}}],"collection":[{"href":"https:\/\/heilpraktiker-zimmermann.de\/web\/wp-json\/wp\/v2\/pages"}],"about":[{"href":"https:\/\/heilpraktiker-zimmermann.de\/web\/wp-json\/wp\/v2\/types\/page"}],"author":[{"embeddable":true,"href":"https:\/\/heilpraktiker-zimmermann.de\/web\/wp-json\/wp\/v2\/users\/1"}],"replies":[{"embeddable":true,"href":"https:\/\/heilpraktiker-zimmermann.de\/web\/wp-json\/wp\/v2\/comments?post=76"}],"version-history":[{"count":22,"href":"https:\/\/heilpraktiker-zimmermann.de\/web\/wp-json\/wp\/v2\/pages\/76\/revisions"}],"predecessor-version":[{"id":805,"href":"https:\/\/heilpraktiker-zimmermann.de\/web\/wp-json\/wp\/v2\/pages\/76\/revisions\/805"}],"up":[{"embeddable":true,"href":"https:\/\/heilpraktiker-zimmermann.de\/web\/wp-json\/wp\/v2\/pages\/73"}],"wp:attachment":[{"href":"https:\/\/heilpraktiker-zimmermann.de\/web\/wp-json\/wp\/v2\/media?parent=76"}],"curies":[{"name":"wp","href":"https:\/\/api.w.org\/{rel}","templated":true}]}}